{"id":934,"date":"2024-04-20T13:50:10","date_gmt":"2024-04-20T05:50:10","guid":{"rendered":"https:\/\/hikvisionbali.com\/?post_type=product&#038;p=934"},"modified":"2024-04-20T14:34:33","modified_gmt":"2024-04-20T06:34:33","slug":"ds-9664ni-i16-hep-ai","status":"publish","type":"product","link":"https:\/\/hikvisionbali.com\/index.php\/product\/ds-9664ni-i16-hep-ai\/","title":{"rendered":"DS-9664NI-I16 (HEP) (AI)"},"content":{"rendered":"<div class=\"wptb-table-container wptb-table-933\"><div class=\"wptb-table-container-matrix\"><table class=\"wptb-preview-table wptb-element-main-table_setting-523\" data-reconstraction=\"1\" style=\"border: 1px solid rgb(209, 209, 209);\" data-wptb-table-tds-sum-max-width=\"394\" data-wptb-cells-width-auto-count=\"3\" role=\"table\" data-wptb-header-background-color=\"\" data-wptb-even-row-background-color=\"\" data-wptb-odd-row-background-color=\"\" data-table-columns=\"3\"><tbody><tr class=\"wptb-row\" data-wptb-bg-color=\"\"><td class=\"wptb-cell\" data-y-index=\"0\" data-x-index=\"0\" style=\"border: 1px solid rgb(209, 209, 209);\" data-wptb-css-td-auto-width=\"true\"><div class=\"wptb-text-container wptb-ph-element wptb-element-text-1\"><div class=\"\" style=\"position: relative;\"><p><strong>Video And Audio<\/strong><\/p><\/div><\/div><\/td><td class=\"wptb-cell\" data-y-index=\"0\" data-x-index=\"1\" style=\"border: 1px solid rgb(209, 209, 209);\" data-wptb-css-td-auto-width=\"true\"><div class=\"wptb-text-container wptb-ph-element wptb-element-text-1\"><div class=\"\" style=\"position: relative;\"><p><strong>Decoding<\/strong><\/p><\/div><\/div><\/td><td class=\"wptb-cell\" data-y-index=\"0\" data-x-index=\"2\" style=\"border: 1px solid rgb(209, 209, 209);\" data-wptb-css-td-auto-width=\"true\"><div class=\"wptb-text-container wptb-ph-element wptb-element-text-1\"><div class=\"\" style=\"position: relative;\"><p class=\"\"><strong>Network<\/strong><\/p><\/div><\/div><\/td><\/tr><tr class=\"wptb-row\" data-wptb-bg-color=\"\"><td class=\"wptb-cell\" data-y-index=\"1\" data-x-index=\"0\" style=\"border: 1px solid rgb(209, 209, 209);\" data-wptb-css-td-auto-width=\"true\"><div class=\"wptb-text-container wptb-ph-element wptb-element-text-2\"><div class=\"\" style=\"position: relative;\"><p>IP Video Input64-ch<br><br>Up to 12 MP resolution<br><br>*: 32 MP and 24 MP is only available for channel 1 when ultra HD resolution mode is enabled. For DS-9632NI-I16, when ultra HD resolution mode is enabled, it will reduce the IP video input to 24-ch.<br>Incoming Bandwidth320 Mbps<br>Outgoing Bandwidth256 Mbps<br>Incoming Bandwidth (RAID Mode)200 Mbps<br>Outgoing Bandwidth (RAID Mode)200 Mbps<br>HDMI 1 Output4K (3840 \u00d7 2160)\/60Hz, 4K (3840 \u00d7 2160)\/30Hz, 1920 \u00d7 1080p\/60Hz, 1600 \u00d7 1200\/60Hz, 1280 \u00d7 1024\/60Hz, 1280 \u00d7 720\/60Hz, 1024 \u00d7 768\/60Hz<br>HDMI 2 Output1920 \u00d7 1080p\/60Hz, 1280 \u00d7 1024\/60Hz, 1280 \u00d7 720\/60Hz, 1024 \u00d7 768\/60Hz<br>VGA 1 Output1920 \u00d7 1080p\/60Hz, 1280 \u00d7 1024\/60Hz, 1280 \u00d7 720\/60Hz, 1024 \u00d7 768\/60Hz<br>VGA 2 Output1920 \u00d7 1080p\/60Hz, 1280 \u00d7 1024\/60Hz, 1280 \u00d7 720\/60Hz, 1024 \u00d7 768\/60Hz<br>Video Output ModeHDMI 1 and VGA 1 provide simultaneous video output, and work as the main output;<br><br>HDMI 2 and VGA 2 provide simultaneous video output, and work as the auxiliary output<br>CVBS Output1-ch, BNC (1.0 Vp-p, 75 \u03a9), resolution: PAL: 704 \u00d7 576, NTSC: 704 \u00d7 480<br>Audio Input1-ch, RCA (2.0 Vp-p, 1 K\u03a9)<br>Audio Output2-ch, RCA (Linear, 1 K\u03a9)<br>Two-Way Audio1-ch, RCA (2.0 Vp-p, 1 k \u03a9)<\/p><\/div><\/div><div class=\"wptb-text-container wptb-ph-element wptb-element-text-1\"><div class=\"\" style=\"position: relative;\"><p><\/p><\/div><\/div><\/td><td class=\"wptb-cell\" data-y-index=\"1\" data-x-index=\"1\" style=\"border: 1px solid rgb(209, 209, 209);\" data-wptb-css-td-auto-width=\"true\"><div class=\"wptb-text-container wptb-ph-element wptb-element-text-3\"><div class=\"\" style=\"position: relative;\"><p class=\"\">Decoding FormatH.265\/H.265+\/H.264\/H.264+\/MPEG4<br>Recording Resolution32 MP\/24 MP\/12 MP\/8 MP\/6 MP\/5 MP\/4 MP\/3 MP\/1080p\/UXGA\/720p\/VGA\/4CIF\/DCIF \/2CIF\/CIF\/QCIF<br><br>*: 32 MP and 24 MP is only available for channel 1 when ultra HD resolution mode is enabled. For DS-9632NI-I16, when ultra HD resolution mode is enabled, it will reduce the IP video input to 24-ch.<br>Synchronous Playback16-ch<br>Decoding Capability1-ch@32 MP (30 fps)\/2-ch@12 MP (20fps)\/4-ch@8 MP (25fps)\/8-ch@4 MP (30fps)\/16-ch@1080p (30fps)<br>Dual-Stream RecordingSupport<br>Stream TypeVideo, Video &amp; Audio<br>Audio CompressionG.711ulaw\/G.711alaw\/G.722\/G.726\/AAC\/MP2L2\/PCM<\/p><\/div><\/div><div class=\"wptb-text-container wptb-ph-element wptb-element-text-1\"><div class=\"\" style=\"position: relative;\"><p><\/p><\/div><\/div><\/td><td class=\"wptb-cell\" data-y-index=\"1\" data-x-index=\"2\" style=\"border: 1px solid rgb(209, 209, 209);\" data-wptb-css-td-auto-width=\"true\"><div class=\"wptb-text-container wptb-ph-element wptb-element-text-4\"><div class=\"\" style=\"position: relative;\"><p>Remote Connection128<br>Network ProtocolTCP\/IP, DHCP, IPv4, IPv6, DNS, DDNS, NTP, RTSP, SADP, SMTP, SNMP, NFS, iSCSI, ISUP, UPnP\u2122, HTTP, HTTPS<br>Network Interface2, RJ-45 10\/100\/1000 Mbps self-adaptive Ethernet interface<\/p><\/div><\/div><div class=\"wptb-text-container wptb-ph-element wptb-element-text-1\"><div class=\"\" style=\"position: relative;\"><p><\/p><\/div><\/div><\/td><\/tr><tr class=\"wptb-row\" data-wptb-bg-color=\"\"><td class=\"wptb-cell\" style=\"border: 1px solid rgb(209, 209, 209);\" data-x-index=\"0\" data-y-index=\"2\" data-wptb-css-td-auto-width=\"true\"><div class=\"wptb-text-container wptb-ph-element wptb-element-text-17\"><div class=\"\" style=\"position: relative;\"><p class=\"\"><strong>RAID<\/strong><\/p><\/div><\/div><\/td><td class=\"wptb-cell\" style=\"border: 1px solid rgb(209, 209, 209);\" data-x-index=\"1\" data-y-index=\"2\" data-wptb-css-td-auto-width=\"true\"><div class=\"wptb-text-container wptb-ph-element wptb-element-text-18\"><div class=\"\" style=\"position: relative;\"><strong>Auxiliary Interface<\/strong><\/div><\/div><\/td><td class=\"wptb-cell\" style=\"border: 1px solid rgb(209, 209, 209);\" data-x-index=\"2\" data-y-index=\"2\" data-wptb-css-td-auto-width=\"true\"><div class=\"wptb-text-container wptb-ph-element wptb-element-text-19\"><div class=\"\" style=\"position: relative;\"><strong>General<\/strong><\/div><\/div><\/td><\/tr><tr class=\"wptb-row\" data-wptb-bg-color=\"\"><td class=\"wptb-cell\" style=\"border: 1px solid rgb(209, 209, 209);\" data-x-index=\"0\" data-y-index=\"3\" data-wptb-css-td-auto-width=\"true\"><div class=\"wptb-text-container wptb-ph-element wptb-element-text-8\"><div class=\"\" style=\"position: relative;\"><p class=\"\">RAID TypeRAID0, RAID1, RAID5, RAID6, and RAID10 (at least 4 TB for each HDD)<\/p><\/div><\/div><\/td><td class=\"wptb-cell\" style=\"border: 1px solid rgb(209, 209, 209);\" data-x-index=\"1\" data-y-index=\"3\" data-wptb-css-td-auto-width=\"true\"><div class=\"wptb-text-container wptb-ph-element wptb-element-text-9\"><div class=\"\" style=\"position: relative;\">Serial Interface1 RS-485 (full-duplex), 1 RS-232, 1 keyboard<br>SATA16 SATA interfaces supporting hot-plug<br>ESATA1 eSATA interface<br>CapacityUp to 10TB capacity for each disk<br>Alarm In\/Out16\/8<br>USB InterfaceFront panel: 2 \u00d7 USB 2.0; Rear panel: 1 \u00d7 USB 3.0<\/div><\/div><\/td><td class=\"wptb-cell\" style=\"border: 1px solid rgb(209, 209, 209);\" data-x-index=\"2\" data-y-index=\"3\" data-wptb-css-td-auto-width=\"true\"><div class=\"wptb-text-container wptb-ph-element wptb-element-text-10\"><div class=\"\" style=\"position: relative;\">Power Supply100 to 240 VAC, 50 to 60 Hz<br>Consumption\u2264 45 W<br>Working Temperature-10 \u00b0C to 55 \u00b0C (14 \u00b0F to 131 \u00b0F)<br>Working Humidity10 to 90 %<br>Chassis3U chassis<br>Dimension (W \u00d7 D \u00d7 H)445 \u00d7 496 \u00d7 146 mm (17.5\" \u00d7 19.5\" \u00d7 5.7\")<br>Weight\u2264 12.5 kg (27.6 lb)<\/div><\/div><\/td><\/tr><tr class=\"wptb-row\" data-wptb-bg-color=\"\"><td class=\"wptb-cell\" style=\"border: 1px solid rgb(209, 209, 209);\" data-x-index=\"0\" data-y-index=\"4\" data-wptb-css-td-auto-width=\"true\"><div class=\"wptb-text-container wptb-ph-element wptb-element-text-11\"><div class=\"\" style=\"position: relative;\"><strong>Certification<\/strong><\/div><\/div><\/td><td class=\"wptb-cell\" style=\"border: 1px solid rgb(209, 209, 209);\" data-x-index=\"1\" data-y-index=\"4\" data-wptb-css-td-auto-width=\"true\"><div class=\"wptb-text-container wptb-ph-element wptb-element-text-12\"><div class=\"\" style=\"position: relative;\"><br><\/div><\/div><\/td><td class=\"wptb-cell\" style=\"border: 1px solid rgb(209, 209, 209);\" data-x-index=\"2\" data-y-index=\"4\" data-wptb-css-td-auto-width=\"true\"><div class=\"wptb-text-container wptb-ph-element wptb-element-text-13\"><div class=\"\" style=\"position: relative;\"><br><\/div><\/div><\/td><\/tr><tr class=\"wptb-row\" data-wptb-bg-color=\"\"><td class=\"wptb-cell\" style=\"border: 1px solid rgb(209, 209, 209);\" data-x-index=\"0\" data-y-index=\"5\" data-wptb-css-td-auto-width=\"true\"><div class=\"wptb-text-container wptb-ph-element wptb-element-text-14\"><div class=\"\" style=\"position: relative;\">FCCPart 15 Subpart B, ANSI C63.4-2014<br>CEEN 55032:2015, EN 61000-3-2, EN 61000-3-3, EN 50130-4<\/div><\/div><\/td><td class=\"wptb-cell\" style=\"border: 1px solid rgb(209, 209, 209);\" data-x-index=\"1\" data-y-index=\"5\" data-wptb-css-td-auto-width=\"true\"><div class=\"wptb-text-container wptb-ph-element wptb-element-text-15\"><div class=\"\" style=\"position: relative;\"><\/div><\/div><\/td><td class=\"wptb-cell\" style=\"border: 1px solid rgb(209, 209, 209);\" data-x-index=\"2\" data-y-index=\"5\" data-wptb-css-td-auto-width=\"true\"><div class=\"wptb-text-container wptb-ph-element wptb-element-text-16\"><div class=\"\" style=\"position: relative;\"><\/div><\/div><\/td><\/tr><\/tbody><\/table><\/div><\/div>\n","protected":false},"excerpt":{"rendered":"<h2 class=\"prod_name\"><span class=\"prod_name-content\">64-ch 3U 4K NVR<\/span><\/h2>\n<ul class=\"product_description_item-list\">\n<li class=\"product_description_item\">Up to 64 channel IP cameras can be connected<\/li>\n<li class=\"product_description_item\">Up to 320 Mbps (or 200 Mbps when RAID is enabled) high incoming bandwidth ensures IP cameras can be connected<\/li>\n<li class=\"product_description_item\">2 HDMI (different source) and 2 VGA (different source) interfaces<\/li>\n<li class=\"product_description_item\">16 HDD can be used for continuous video recording<\/li>\n<li class=\"product_description_item\">Supports some specialist cameras, including people counting camera\/ANPR (automatic number plate recognition) camera\/fisheye camera<\/li>\n<li class=\"product_description_item\">Advanced streaming technology enables smooth live view in poor network conditions<\/li>\n<li class=\"product_description_item\">Supports RAID 0, 1, 5, 6, 10 and N+1 hot spare for even more reliable data storage, effectively avoids data loss risks<\/li>\n<\/ul>\n","protected":false},"featured_media":935,"comment_status":"closed","ping_status":"closed","template":"","meta":{"_monsterinsights_skip_tracking":false,"_monsterinsights_sitenote_active":false,"_monsterinsights_sitenote_note":"","_monsterinsights_sitenote_category":0},"class_list":["post-934","product","type-product","status-publish","has-post-thumbnail","hentry","product_cat-network-camera","product_cat-nvr-cctv","product_tag-hikvision-ip-cam","product_tag-ip-cam-hik","product_tag-nvr-cctv"],"_links":{"self":[{"href":"https:\/\/hikvisionbali.com\/index.php\/wp-json\/wp\/v2\/product\/934","targetHints":{"allow":["GET"]}}],"collection":[{"href":"https:\/\/hikvisionbali.com\/index.php\/wp-json\/wp\/v2\/product"}],"about":[{"href":"https:\/\/hikvisionbali.com\/index.php\/wp-json\/wp\/v2\/types\/product"}],"replies":[{"embeddable":true,"href":"https:\/\/hikvisionbali.com\/index.php\/wp-json\/wp\/v2\/comments?post=934"}],"version-history":[{"count":1,"href":"https:\/\/hikvisionbali.com\/index.php\/wp-json\/wp\/v2\/product\/934\/revisions"}],"predecessor-version":[{"id":936,"href":"https:\/\/hikvisionbali.com\/index.php\/wp-json\/wp\/v2\/product\/934\/revisions\/936"}],"wp:featuredmedia":[{"embeddable":true,"href":"https:\/\/hikvisionbali.com\/index.php\/wp-json\/wp\/v2\/media\/935"}],"wp:attachment":[{"href":"https:\/\/hikvisionbali.com\/index.php\/wp-json\/wp\/v2\/media?parent=934"}],"curies":[{"name":"wp","href":"https:\/\/api.w.org\/{rel}","templated":true}]}}