{"id":906,"date":"2024-04-20T12:19:19","date_gmt":"2024-04-20T04:19:19","guid":{"rendered":"https:\/\/hikvisionbali.com\/?post_type=product&#038;p=906"},"modified":"2024-04-20T12:32:30","modified_gmt":"2024-04-20T04:32:30","slug":"ds-2cd1043g2-liu","status":"publish","type":"product","link":"https:\/\/hikvisionbali.com\/index.php\/product\/ds-2cd1043g2-liu\/","title":{"rendered":"DS-2CD1043G2-LIU"},"content":{"rendered":"<div class=\"wptb-table-container wptb-table-905\"><div class=\"wptb-table-container-matrix\"><table class=\"wptb-preview-table wptb-element-main-table_setting-523 edit-active\" data-reconstraction=\"1\" style=\"border: 1px solid rgb(209, 209, 209);\" data-wptb-table-tds-sum-max-width=\"394\" data-wptb-cells-width-auto-count=\"3\" role=\"table\" data-wptb-header-background-color=\"\" data-wptb-even-row-background-color=\"\" data-wptb-odd-row-background-color=\"\" data-table-columns=\"3\"><tbody><tr class=\"wptb-row\" data-wptb-bg-color=\"\"><td class=\"wptb-cell\" data-y-index=\"0\" data-x-index=\"0\" style=\"border: 1px solid rgb(209, 209, 209);\" data-wptb-css-td-auto-width=\"true\"><div class=\"wptb-text-container wptb-ph-element wptb-element-text-1\"><div class=\"\" style=\"position: relative;\"><p><strong>Camera<\/strong><\/p><\/div><\/div><\/td><td class=\"wptb-cell\" data-y-index=\"0\" data-x-index=\"1\" style=\"border: 1px solid rgb(209, 209, 209);\" data-wptb-css-td-auto-width=\"true\"><div class=\"wptb-text-container wptb-ph-element wptb-element-text-1\"><div class=\"\" style=\"position: relative;\"><p><strong>Lens<\/strong><\/p><\/div><\/div><\/td><td class=\"wptb-cell\" data-y-index=\"0\" data-x-index=\"2\" style=\"border: 1px solid rgb(209, 209, 209);\" data-wptb-css-td-auto-width=\"true\"><div class=\"wptb-text-container wptb-ph-element wptb-element-text-1\"><div class=\"\" style=\"position: relative;\"><p class=\"\"><strong>Illuminator<\/strong><\/p><\/div><\/div><\/td><\/tr><tr class=\"wptb-row\" data-wptb-bg-color=\"\"><td class=\"wptb-cell\" data-y-index=\"1\" data-x-index=\"0\" style=\"border: 1px solid rgb(209, 209, 209);\" data-wptb-css-td-auto-width=\"true\"><div class=\"wptb-text-container wptb-ph-element wptb-element-text-2\"><div class=\"\" style=\"position: relative;\"><p>Image Sensor1\/3\" Progressive Scan CMOS<br>Max. Resolution2560 \u00d7 1440<br>Min. IlluminationColor: 0.005 Lux @ (F1.6, AGC ON),B\/W: 0 Lux with IR<br>Shutter Time1\/3 s to 1\/100,000 s<br>Day &amp; NightIR cut filter<br>Angle AdjustmentPan: 0\u00b0 to 360\u00b0,tilt: 0\u00b0 to 90\u00b0,rotate: 0\u00b0 to 360\u00b0<\/p><\/div><\/div><div class=\"wptb-text-container wptb-ph-element wptb-element-text-1\"><div class=\"\" style=\"position: relative;\"><p><\/p><\/div><\/div><\/td><td class=\"wptb-cell\" data-y-index=\"1\" data-x-index=\"1\" style=\"border: 1px solid rgb(209, 209, 209);\" data-wptb-css-td-auto-width=\"true\"><div class=\"wptb-text-container wptb-ph-element wptb-element-text-3\"><div class=\"\" style=\"position: relative;\"><p class=\"\">Lens TypeFixed focal lens, 2.8 and 4 mm optional<br>Focal Length &amp; FOV2.8 mm, horizontal FOV 98\u00b0, vertical FOV 54\u00b0, diagonal FOV 114\u00b0<br><br>4 mm, horizontal FOV 78\u00b0, vertical FOV 42\u00b0, diagonal FOV 93\u00b0<br>Lens MountM12<br>Iris TypeFixed<br>ApertureF1.6<\/p><\/div><\/div><div class=\"wptb-text-container wptb-ph-element wptb-element-text-1\"><div class=\"\" style=\"position: relative;\"><p><\/p><\/div><\/div><\/td><td class=\"wptb-cell\" data-y-index=\"1\" data-x-index=\"2\" style=\"border: 1px solid rgb(209, 209, 209);\" data-wptb-css-td-auto-width=\"true\"><div class=\"wptb-text-container wptb-ph-element wptb-element-text-4\"><div class=\"\" style=\"position: relative;\"><p>Supplement Light TypeIR,White Light<br>Supplement Light RangeUp to 30 m<br>Smart Supplement LightYes<br>IR Wavelength850 nm<\/p><\/div><\/div><div class=\"wptb-text-container wptb-ph-element wptb-element-text-1\"><div class=\"\" style=\"position: relative;\"><p><\/p><\/div><\/div><\/td><\/tr><tr class=\"wptb-row\" data-wptb-bg-color=\"\"><td class=\"wptb-cell\" style=\"border: 1px solid rgb(209, 209, 209);\" data-x-index=\"0\" data-y-index=\"2\" data-wptb-css-td-auto-width=\"true\"><div class=\"wptb-text-container wptb-ph-element wptb-element-text-17\"><div class=\"\" style=\"position: relative;\"><p class=\"\"><strong>Video<\/strong><\/p><\/div><\/div><\/td><td class=\"wptb-cell\" style=\"border: 1px solid rgb(209, 209, 209);\" data-x-index=\"1\" data-y-index=\"2\" data-wptb-css-td-auto-width=\"true\"><div class=\"wptb-text-container wptb-ph-element wptb-element-text-18\"><div class=\"\" style=\"position: relative;\"><p><strong>Network<\/strong><\/p><\/div><\/div><\/td><td class=\"wptb-cell\" style=\"border: 1px solid rgb(209, 209, 209);\" data-x-index=\"2\" data-y-index=\"2\" data-wptb-css-td-auto-width=\"true\"><div class=\"wptb-text-container wptb-ph-element wptb-element-text-19\"><div class=\"\" style=\"position: relative;\"><p><strong>Images<\/strong><\/p><\/div><\/div><\/td><\/tr><tr class=\"wptb-row\" data-wptb-bg-color=\"\"><td class=\"wptb-cell\" style=\"border: 1px solid rgb(209, 209, 209);\" data-x-index=\"0\" data-y-index=\"3\" data-wptb-css-td-auto-width=\"true\"><div class=\"wptb-text-container wptb-ph-element wptb-element-text-8\"><div class=\"\" style=\"position: relative;\"><p class=\"\">Main Stream50 Hz:<br><br>20 fps (2560 \u00d7 1440)<br><br>25 fps (1920 \u00d7 1080, 1280 \u00d7 720)<br><br>60 Hz:<br><br>20 fps (2560 \u00d7 1440)<br><br>24 fps (1920 \u00d7 1080, 1280 \u00d7 720)<br>Sub-Stream50 Hz: 25 fps (1280 \u00d7 720, 640 \u00d7 480, 640 \u00d7 360)<br><br>60 Hz: 24 fps (1280 \u00d7 720, 640 \u00d7 480, 640 \u00d7 360)<br>Video CompressionMain stream: H.265+\/H.265\/H.264+\/H.264,<br><br>Sub-stream: H.265\/H.264\/MJPEG<br>Video Bit Rate32 Kbps to 8 Mbps<br>H.264 TypeBaseline Profile,Main Profile,High Profile<br>H.265 TypeMain Profile<br>Bit Rate ControlCBR,VBR<br>Region Of Interest (ROI)1 fixed region for main stream<\/p><\/div><\/div><\/td><td class=\"wptb-cell\" style=\"border: 1px solid rgb(209, 209, 209);\" data-x-index=\"1\" data-y-index=\"3\" data-wptb-css-td-auto-width=\"true\"><div class=\"wptb-text-container wptb-ph-element wptb-element-text-9\"><div class=\"\" style=\"position: relative;\"><p class=\"\">SecurityPassword protection, complicated password, watermark, basic and digest authentication for HTTP, WSSE and digest authentication for Open Network Video Interface, security audit log, host authentication (MAC address)<br>Simultaneous Live ViewUp to 6 channels<br>APIOpen Network Video Interface (Profile S, Profile T, Profile G (only -F model supports)),ISAPI,SDK<br>ProtocolsTCP\/IP, ICMP, DHCP, DNS, HTTP, RTP, RTSP, NTP, IGMP, IPv6, UDP, QoS, FTP, SMTP<br>User\/HostUp to 32 users<br><br>3 user levels: administrator, operator, and user<br>ClientiVMS-4200,Hik-Connect<br>Web BrowserPlug-in required live view: IE 10, IE 11,<br><br>Local service: Chrome 57.0+, Firefox 52.0+<\/p><\/div><\/div><\/td><td class=\"wptb-cell\" style=\"border: 1px solid rgb(209, 209, 209);\" data-x-index=\"2\" data-y-index=\"3\" data-wptb-css-td-auto-width=\"true\"><div class=\"wptb-text-container wptb-ph-element wptb-element-text-10\"><div class=\"\" style=\"position: relative;\"><p>Wide Dynamic Range (WDR)120 dB<br>SNR\u2265 52 dB<br>Day\/Night SwitchDay,Night,Auto,Schedule<br>Image EnhancementBLC,HLC,3D DNR<br>Image SettingsRotate mode,saturation,brightness,contrast,sharpness,gain,white balance,adjustable by client software or web browser<br>Privacy Mask4 programmable polygon privacy masks<\/p><\/div><\/div><\/td><\/tr><tr class=\"wptb-row\" data-wptb-bg-color=\"\"><td class=\"wptb-cell\" style=\"border: 1px solid rgb(209, 209, 209);\" data-x-index=\"0\" data-y-index=\"4\" data-wptb-css-td-auto-width=\"true\"><div class=\"wptb-text-container wptb-ph-element wptb-element-text-11\"><div class=\"\" style=\"position: relative;\"><p><strong>Interface<\/strong><\/p><\/div><\/div><\/td><td class=\"wptb-cell\" style=\"border: 1px solid rgb(209, 209, 209);\" data-x-index=\"1\" data-y-index=\"4\" data-wptb-css-td-auto-width=\"true\"><div class=\"wptb-text-container wptb-ph-element wptb-element-text-12\"><div class=\"\" style=\"position: relative;\"><p><strong>Event<\/strong><\/p><\/div><\/div><\/td><td class=\"wptb-cell\" style=\"border: 1px solid rgb(209, 209, 209);\" data-x-index=\"2\" data-y-index=\"4\" data-wptb-css-td-auto-width=\"true\"><div class=\"wptb-text-container wptb-ph-element wptb-element-text-13\"><div class=\"\" style=\"position: relative;\"><p><strong>General<\/strong><\/p><\/div><\/div><\/td><\/tr><tr class=\"wptb-row\" data-wptb-bg-color=\"\"><td class=\"wptb-cell\" style=\"border: 1px solid rgb(209, 209, 209);\" data-x-index=\"0\" data-y-index=\"5\" data-wptb-css-td-auto-width=\"true\"><div class=\"wptb-text-container wptb-ph-element wptb-element-text-14\"><div class=\"\" style=\"position: relative;\"><p>Ethernet Interface1 RJ45 10 M\/100 M self-adaptive Ethernet port<br>On-Board Storage-F: Built-in memory card slot, support microSD\/microSDHC\/microSDXC card, up to 512 GB<br>Built-In MicrophoneYes<br>Reset Key-F: Yes<\/p><\/div><\/div><\/td><td class=\"wptb-cell\" style=\"border: 1px solid rgb(209, 209, 209);\" data-x-index=\"1\" data-y-index=\"5\" data-wptb-css-td-auto-width=\"true\"><div class=\"wptb-text-container wptb-ph-element wptb-element-text-15\"><div class=\"\" style=\"position: relative;\"><p>Basic EventMotion detection (support alarm triggering by specified target types (human and vehicle)),video tampering alarm,exception<br>LinkageUpload to FTP\/memory card (-F), send email, notify surveillance center, trigger recording (-F), trigger capture<\/p><\/div><\/div><\/td><td class=\"wptb-cell\" style=\"border: 1px solid rgb(209, 209, 209);\" data-x-index=\"2\" data-y-index=\"5\" data-wptb-css-td-auto-width=\"true\"><div class=\"wptb-text-container wptb-ph-element wptb-element-text-16\"><div class=\"\" style=\"position: relative;\"><p>Power12 VDC \u00b1 25%, 0.4 A, max. 5 W,\u00d85.5 mm coaxial power plug,reverse polarity protection,<br><br>PoE: IEEE 802.3af, Class 3, max. 6.5 W<br>MaterialMetal &amp; Plastic<br>Dimension170.8 mm \u00d7 66 mm \u00d7 69.1 mm (6.7\" \u00d7 2.6\" \u00d7 2.7\")<br>Package Dimension216 mm \u00d7 121 mm \u00d7 118 mm (8.5\" \u00d7 4.8\" \u00d7 4.6\")<br>WeightApprox. 270 g (0.6 lb.)<br>With Package WeightApprox. 481 g (1.1 lb.)<br>Storage Conditions-30 \u00b0C to 60 \u00b0C (-22 \u00b0F to 140 \u00b0F). Humidity 95% or less (non-condensing)<br>Startup And Operating Conditions-30 \u00b0C to 60 \u00b0C (-22 \u00b0F to 140 \u00b0F). Humidity 95% or less (non-condensing)<br>LanguageEnglish, Ukrainian<br>General FunctionHeartbeat,anti-banding,mirror,password protection,password reset via email<\/p><\/div><\/div><\/td><\/tr><tr class=\"wptb-row\" data-wptb-bg-color=\"\"><td class=\"wptb-cell\" style=\"border: 1px solid rgb(209, 209, 209);\" data-x-index=\"0\" data-y-index=\"6\" data-wptb-css-td-auto-width=\"true\"><div class=\"wptb-text-container wptb-ph-element wptb-element-text-20\"><div class=\"\" style=\"position: relative;\"><p><strong>Approval<br><\/strong><\/p><\/div><\/div><\/td><td class=\"wptb-cell\" style=\"border: 1px solid rgb(209, 209, 209);\" data-x-index=\"1\" data-y-index=\"6\" data-wptb-css-td-auto-width=\"true\"><div class=\"wptb-text-container wptb-ph-element wptb-element-text-21\"><div class=\"\" style=\"position: relative;\"><strong>DORI<\/strong><p><\/p><\/div><\/div><\/td><td class=\"wptb-cell\" style=\"border: 1px solid rgb(209, 209, 209);\" data-x-index=\"2\" data-y-index=\"6\" data-wptb-css-td-auto-width=\"true\"><div class=\"wptb-text-container wptb-ph-element wptb-element-text-22\"><div class=\"\" style=\"position: relative;\"><strong>Audio<\/strong><p><\/p><\/div><\/div><\/td><\/tr><tr class=\"wptb-row\" data-wptb-bg-color=\"\"><td class=\"wptb-cell\" style=\"border: 1px solid rgb(209, 209, 209);\" data-x-index=\"0\" data-y-index=\"7\" data-wptb-css-td-auto-width=\"true\"><div class=\"wptb-text-container wptb-ph-element wptb-element-text-23\"><div class=\"\" style=\"position: relative;\"><p>EMCFCC: 47 CFR Part 15, Subpart B,<br><br>CE-EMC: EN 55032: 2015, EN 61000-3-2:2019, EN 61000-3-3: 2013+A1:2019, EN 50130-4: 2011 +A1: 2014,<br><br>RCM: AS\/NZS CISPR 32: 2015,<br><br>IC: ICES-003: Issue 7<br>SafetyUL: UL 62368-1,<br><br>CB: IEC 62368-1: 2014+A11,<br><br>CE-LVD: EN 62368-1: 2014\/A11: 2017,<br><br>BIS: IS 13252 (Part 1): 2010\/IEC 60950-1: 2005<br>EnvironmentCE-RoHS: 2011\/65\/EU,<br><br>WEEE: 2012\/19\/EU,<br><br>Reach: Regulation (EC) No 1907\/2006<br>ProtectionIP67: IEC 60529-2013<\/p><\/div><\/div><\/td><td class=\"wptb-cell\" style=\"border: 1px solid rgb(209, 209, 209);\" data-x-index=\"1\" data-y-index=\"7\" data-wptb-css-td-auto-width=\"true\"><div class=\"wptb-text-container wptb-ph-element wptb-element-text-24\"><div class=\"\" style=\"position: relative;\"><p>DORI<br>2.8 mm, D: 63 m, O: 25 m, R: 12 m, I: 6 m<br><br>4 mm, D: 78 m, O: 31 m, R: 15 m, I: 7 m<\/p><\/div><\/div><\/td><td class=\"wptb-cell\" style=\"border: 1px solid rgb(209, 209, 209);\" data-x-index=\"2\" data-y-index=\"7\" data-wptb-css-td-auto-width=\"true\"><div class=\"wptb-text-container wptb-ph-element wptb-element-text-25\"><div class=\"\" style=\"position: relative;\"><p>Audio TypeMono sound<br>Environment Noise FilteringYes<br>Audio Sampling Rate8 kHz\/16 kHz<br>Audio CompressionG.711ulaw\/G.711alaw\/G.722.1\/G.726\/MP2L2\/PCM\/AAC-LC<br>Audio Bit Rate64 Kbps (G.711 ulaw)\/64 Kbps (G.711 alaw)\/16 Kbps (G.722.1)\/16 Kbps (G.726)\/32 to 160 Kbps (MP2L2)\/16 to 64 Kbps (AAC-LC)<\/p><\/div><\/div><\/td><\/tr><\/tbody><\/table><\/div><\/div>\n","protected":false},"excerpt":{"rendered":"<h2 class=\"prod_name\"><span class=\"prod_name-content\">4 MP Smart Hybrid Light Fixed Bullet Network Camera<\/span><\/h2>\n<ul class=\"product_description_item-list\">\n<li class=\"product_description_item\">High quality imaging with 4 MP resolution<\/li>\n<li class=\"product_description_item\">Support Human and Vehicle Detection<\/li>\n<li class=\"product_description_item\">Smart Hybrid Light: advanced technology with long range<\/li>\n<li class=\"product_description_item\">Built-in microphone for real-time audio security<\/li>\n<li class=\"product_description_item\">Water and dust resistant (IP67)<\/li>\n<li class=\"product_description_item\">Efficient H.265+ compression technology<\/li>\n<\/ul>\n","protected":false},"featured_media":907,"comment_status":"closed","ping_status":"closed","template":"","meta":{"_monsterinsights_skip_tracking":false,"_monsterinsights_sitenote_active":false,"_monsterinsights_sitenote_note":"","_monsterinsights_sitenote_category":0},"class_list":["post-906","product","type-product","status-publish","has-post-thumbnail","hentry","product_cat-network-camera","product_cat-outdoor-ip-cam","product_tag-hikvision-ip-cam","product_tag-ip-cam-hik","product_tag-outdoor-ip-cam"],"_links":{"self":[{"href":"https:\/\/hikvisionbali.com\/index.php\/wp-json\/wp\/v2\/product\/906","targetHints":{"allow":["GET"]}}],"collection":[{"href":"https:\/\/hikvisionbali.com\/index.php\/wp-json\/wp\/v2\/product"}],"about":[{"href":"https:\/\/hikvisionbali.com\/index.php\/wp-json\/wp\/v2\/types\/product"}],"replies":[{"embeddable":true,"href":"https:\/\/hikvisionbali.com\/index.php\/wp-json\/wp\/v2\/comments?post=906"}],"version-history":[{"count":2,"href":"https:\/\/hikvisionbali.com\/index.php\/wp-json\/wp\/v2\/product\/906\/revisions"}],"predecessor-version":[{"id":911,"href":"https:\/\/hikvisionbali.com\/index.php\/wp-json\/wp\/v2\/product\/906\/revisions\/911"}],"wp:featuredmedia":[{"embeddable":true,"href":"https:\/\/hikvisionbali.com\/index.php\/wp-json\/wp\/v2\/media\/907"}],"wp:attachment":[{"href":"https:\/\/hikvisionbali.com\/index.php\/wp-json\/wp\/v2\/media?parent=906"}],"curies":[{"name":"wp","href":"https:\/\/api.w.org\/{rel}","templated":true}]}}