{"id":871,"date":"2024-04-20T10:48:16","date_gmt":"2024-04-20T02:48:16","guid":{"rendered":"https:\/\/hikvisionbali.com\/?post_type=product&#038;p=871"},"modified":"2024-04-20T11:26:46","modified_gmt":"2024-04-20T03:26:46","slug":"ds-2cd1021-i","status":"publish","type":"product","link":"https:\/\/hikvisionbali.com\/index.php\/product\/ds-2cd1021-i\/","title":{"rendered":"DS-2CD1021GO-I"},"content":{"rendered":"<div class=\"wptb-table-container wptb-table-875\"><div class=\"wptb-table-container-matrix\"><table class=\"wptb-preview-table wptb-element-main-table_setting-523\" data-reconstraction=\"1\" style=\"border: 1px solid rgb(209, 209, 209);\" data-wptb-table-tds-sum-max-width=\"394\" data-wptb-cells-width-auto-count=\"3\" role=\"table\" data-wptb-header-background-color=\"\" data-wptb-even-row-background-color=\"\" data-wptb-odd-row-background-color=\"\" data-table-columns=\"3\"><tbody><tr class=\"wptb-row\" data-wptb-bg-color=\"\"><td class=\"wptb-cell\" data-y-index=\"0\" data-x-index=\"0\" style=\"border: 1px solid rgb(209, 209, 209);\" data-wptb-css-td-auto-width=\"true\"><div class=\"wptb-text-container wptb-ph-element wptb-element-text-1\"><div class=\"\" style=\"position: relative;\"><p><strong>Camera<\/strong><\/p><\/div><\/div><\/td><td class=\"wptb-cell\" data-y-index=\"0\" data-x-index=\"1\" style=\"border: 1px solid rgb(209, 209, 209);\" data-wptb-css-td-auto-width=\"true\"><div class=\"wptb-text-container wptb-ph-element wptb-element-text-1\"><div class=\"\" style=\"position: relative;\"><p><strong>Lens<\/strong><\/p><\/div><\/div><\/td><td class=\"wptb-cell\" data-y-index=\"0\" data-x-index=\"2\" style=\"border: 1px solid rgb(209, 209, 209);\" data-wptb-css-td-auto-width=\"true\"><div class=\"wptb-text-container wptb-ph-element wptb-element-text-1\"><div class=\"\" style=\"position: relative;\"><p><strong>Illuminator<\/strong><\/p><\/div><\/div><\/td><\/tr><tr class=\"wptb-row\" data-wptb-bg-color=\"\"><td class=\"wptb-cell\" data-y-index=\"1\" data-x-index=\"0\" style=\"border: 1px solid rgb(209, 209, 209);\" data-wptb-css-td-auto-width=\"true\"><div class=\"wptb-text-container wptb-ph-element wptb-element-text-2\"><div class=\"\" style=\"position: relative;\"><p>Image Sensor1\/2.7\" Progressive Scan CMOS<br>Min. IlluminationColor: 0.01 Lux @(F2.0, AGC ON), B\/W: 0 Lux with IR<br>Shutter Time1\/3 s to 1\/100, 000 s<br>Day &amp; NightIR cut filter<br>Max. Resolution1920 \u00d7 1080<br>Angle AdjustmentPan: 0\u00b0 to 360\u00b0, tilt: 0\u00b0 to 180\u00b0, rotate: 0\u00b0 to 360\u00b0<\/p><\/div><\/div><div class=\"wptb-text-container wptb-ph-element wptb-element-text-1\"><div class=\"\" style=\"position: relative;\"><p><\/p><\/div><\/div><\/td><td class=\"wptb-cell\" data-y-index=\"1\" data-x-index=\"1\" style=\"border: 1px solid rgb(209, 209, 209);\" data-wptb-css-td-auto-width=\"true\"><div class=\"wptb-text-container wptb-ph-element wptb-element-text-3\"><div class=\"\" style=\"position: relative;\"><p class=\"\">Focal Length &amp; FOV2.8 mm, horizontal FOV 105\u00b0, vertical FOV 58\u00b0, diagonal FOV 123\u00b0<br><br>4 mm, horizontal FOV 81\u00b0, vertical FOV 43\u00b0, diagonal FOV 97\u00b0<br>Lens MountM12<br>Iris TypeFixed<br>ApertureF2.0<\/p><\/div><\/div><div class=\"wptb-text-container wptb-ph-element wptb-element-text-1\"><div class=\"\" style=\"position: relative;\"><p><\/p><\/div><\/div><\/td><td class=\"wptb-cell\" data-y-index=\"1\" data-x-index=\"2\" style=\"border: 1px solid rgb(209, 209, 209);\" data-wptb-css-td-auto-width=\"true\"><div class=\"wptb-text-container wptb-ph-element wptb-element-text-4\"><div class=\"\" style=\"position: relative;\"><p>Supplement Light RangeUp to 30 m<br>Supplement Light TypeIR<br>Smart Supplement LightYes<br>IR Wavelength850 nm<\/p><\/div><\/div><div class=\"wptb-text-container wptb-ph-element wptb-element-text-1\"><div class=\"\" style=\"position: relative;\"><p><\/p><\/div><\/div><\/td><\/tr><tr class=\"wptb-row\" data-wptb-bg-color=\"\"><td class=\"wptb-cell\" style=\"border: 1px solid rgb(209, 209, 209);\" data-x-index=\"0\" data-y-index=\"2\" data-wptb-css-td-auto-width=\"true\"><div class=\"wptb-text-container wptb-ph-element wptb-element-text-17\"><div class=\"\" style=\"position: relative;\"><p class=\"\"><strong>Video<\/strong><\/p><\/div><\/div><\/td><td class=\"wptb-cell\" style=\"border: 1px solid rgb(209, 209, 209);\" data-x-index=\"1\" data-y-index=\"2\" data-wptb-css-td-auto-width=\"true\"><div class=\"wptb-text-container wptb-ph-element wptb-element-text-18\"><div class=\"\" style=\"position: relative;\"><p><strong>Network<\/strong><\/p><\/div><\/div><\/td><td class=\"wptb-cell\" style=\"border: 1px solid rgb(209, 209, 209);\" data-x-index=\"2\" data-y-index=\"2\" data-wptb-css-td-auto-width=\"true\"><div class=\"wptb-text-container wptb-ph-element wptb-element-text-19\"><div class=\"\" style=\"position: relative;\"><p><strong>Images<\/strong><\/p><\/div><\/div><\/td><\/tr><tr class=\"wptb-row\" data-wptb-bg-color=\"\"><td class=\"wptb-cell\" style=\"border: 1px solid rgb(209, 209, 209);\" data-x-index=\"0\" data-y-index=\"3\" data-wptb-css-td-auto-width=\"true\"><div class=\"wptb-text-container wptb-ph-element wptb-element-text-8\"><div class=\"\" style=\"position: relative;\"><p class=\"\">Main Stream50 Hz: 25 fps (1920 \u00d7 1080, 1280 \u00d7 720)<br><br>60 Hz: 30 fps (1920 \u00d7 1080, 1280 \u00d7 720)<br>Sub-Stream50 Hz: 25 fps (640 \u00d7 480, 640 \u00d7 360)<br><br>60 Hz: 30 fps (640 \u00d7 480, 640 \u00d7 360)<br>Video CompressionMain Stream: H.264\/H.264+<br><br>Sub-Stream: H.264\/MJPEG<br>Video Bit Rate32 Kbps to 8 Mbps<br>H.264 TypeBaseline Profile\/Main Profile\/High Profile<br>Region Of Interest (ROI)1 fixed region for main stream<\/p><\/div><\/div><\/td><td class=\"wptb-cell\" style=\"border: 1px solid rgb(209, 209, 209);\" data-x-index=\"1\" data-y-index=\"3\" data-wptb-css-td-auto-width=\"true\"><div class=\"wptb-text-container wptb-ph-element wptb-element-text-9\"><div class=\"\" style=\"position: relative;\"><p class=\"\">ProtocolsTCP\/IP, ICMP, HTTP, HTTPS, FTP, DHCP, DNS, DDNS, RTP, RTSP, RTCP, NTP, UPnP\u2122, SMTP, IGMP, 802.1X, QoS, IPv6, Bonjour, IPv4, UDP, SSL\/TLS<br>Simultaneous Live ViewUp to 6 channels<br>APIOpen Network Video Interface, ISAPI<br>User\/HostUp to 32 users. 3 levels: administrator, operator and user<br>ClientiVMS-4200, Hik-Connect<br>Web BrowserPlug-in required live view: IE 10+<br><br>Plug-in free live view: Chrome 57.0+, Firefox 52.0+<br><br>Local service: Chrome 57.0+, Firefox 52.0+<\/p><\/div><\/div><\/td><td class=\"wptb-cell\" style=\"border: 1px solid rgb(209, 209, 209);\" data-x-index=\"2\" data-y-index=\"3\" data-wptb-css-td-auto-width=\"true\"><div class=\"wptb-text-container wptb-ph-element wptb-element-text-10\"><div class=\"\" style=\"position: relative;\"><p>Image SettingsSaturation, brightness, contrast, sharpness, AGC, white balance adjustable by client software or web browser.<br>Day\/Night SwitchDay, Night, Auto, Schedule<br>Wide Dynamic Range (WDR)Digital WDR<br>SNR\u2265 52 dB<br>Image EnhancementBLC, 3D DNR<\/p><\/div><\/div><\/td><\/tr><tr class=\"wptb-row\" data-wptb-bg-color=\"\"><td class=\"wptb-cell\" style=\"border: 1px solid rgb(209, 209, 209);\" data-x-index=\"0\" data-y-index=\"4\" data-wptb-css-td-auto-width=\"true\"><div class=\"wptb-text-container wptb-ph-element wptb-element-text-11\"><div class=\"\" style=\"position: relative;\"><p><strong>Interface<\/strong><\/p><\/div><\/div><\/td><td class=\"wptb-cell\" style=\"border: 1px solid rgb(209, 209, 209);\" data-x-index=\"1\" data-y-index=\"4\" data-wptb-css-td-auto-width=\"true\"><div class=\"wptb-text-container wptb-ph-element wptb-element-text-12\"><div class=\"\" style=\"position: relative;\"><p><strong>Event<\/strong><\/p><\/div><\/div><\/td><td class=\"wptb-cell\" style=\"border: 1px solid rgb(209, 209, 209);\" data-x-index=\"2\" data-y-index=\"4\" data-wptb-css-td-auto-width=\"true\"><div class=\"wptb-text-container wptb-ph-element wptb-element-text-13\"><div class=\"\" style=\"position: relative;\"><p><strong>General<\/strong><\/p><\/div><\/div><\/td><\/tr><tr class=\"wptb-row\" data-wptb-bg-color=\"\"><td class=\"wptb-cell\" style=\"border: 1px solid rgb(209, 209, 209);\" data-x-index=\"0\" data-y-index=\"5\" data-wptb-css-td-auto-width=\"true\"><div class=\"wptb-text-container wptb-ph-element wptb-element-text-14\"><div class=\"\" style=\"position: relative;\"><p>Ethernet Interface1 RJ45 10 M\/100 M self-adaptive Ethernet port<\/p><\/div><\/div><\/td><td class=\"wptb-cell\" style=\"border: 1px solid rgb(209, 209, 209);\" data-x-index=\"1\" data-y-index=\"5\" data-wptb-css-td-auto-width=\"true\"><div class=\"wptb-text-container wptb-ph-element wptb-element-text-15\"><div class=\"\" style=\"position: relative;\"><p>Basic EventMotion detection, video tampering alarm, exception<br>LinkageUpload to FTP, notify surveillance center, send email<\/p><\/div><\/div><\/td><td class=\"wptb-cell\" style=\"border: 1px solid rgb(209, 209, 209);\" data-x-index=\"2\" data-y-index=\"5\" data-wptb-css-td-auto-width=\"true\"><div class=\"wptb-text-container wptb-ph-element wptb-element-text-16\"><div class=\"\" style=\"position: relative;\"><p>Power12 VDC \u00b1 25%, 0.4 A, max. 5 W, \u00d85.5 mm coaxial power plug<br><br>PoE: 802.3af, Class 3, 36 V to 57 V, 0.2 A to 0.15 A, max. 6.5 W<br>Dimension177.6 mm \u00d7 66.2 mm \u00d7 67.8 mm (7.0\" \u00d7 2.6\" \u00d7 2.7\")<br>Package Dimension216 mm \u00d7 121 mm \u00d7 118 mm (8.5\" \u00d7 4.8\" \u00d7 4.6\")<br>WeightApprox. 270 g (0.6 lb.)<br>With Package WeightApprox. 490 g (1.1 lb.)<br>Storage Conditions-30 \u00b0C to 60 \u00b0C (-22 \u00b0F to 140 \u00b0F). Humidity: 95% or less (non-condensing)<br>Startup And Operating Conditions-30 \u00b0C to 60 \u00b0C (-22 \u00b0F to 140 \u00b0F). Humidity: 95% or less (non-condensing)<br>LanguageEnglish, Ukrainian<br>General FunctionAnti-flicker, heartbeat, mirror, password protection, privacy mask, watermark, IP address filter<\/p><\/div><\/div><\/td><\/tr><tr class=\"wptb-row\" data-wptb-bg-color=\"\"><td class=\"wptb-cell\" style=\"border: 1px solid rgb(209, 209, 209);\" data-x-index=\"0\" data-y-index=\"6\" data-wptb-css-td-auto-width=\"true\"><div class=\"wptb-text-container wptb-ph-element wptb-element-text-20\"><div class=\"\" style=\"position: relative;\"><p><strong>Approval<br><\/strong><\/p><\/div><\/div><\/td><td class=\"wptb-cell\" style=\"border: 1px solid rgb(209, 209, 209);\" data-x-index=\"1\" data-y-index=\"6\" data-wptb-css-td-auto-width=\"true\"><div class=\"wptb-text-container wptb-ph-element wptb-element-text-21\"><div class=\"\" style=\"position: relative;\"><p><\/p><\/div><\/div><\/td><td class=\"wptb-cell\" style=\"border: 1px solid rgb(209, 209, 209);\" data-x-index=\"2\" data-y-index=\"6\" data-wptb-css-td-auto-width=\"true\"><div class=\"wptb-text-container wptb-ph-element wptb-element-text-22\"><div class=\"\" style=\"position: relative;\"><p><\/p><\/div><\/div><\/td><\/tr><tr class=\"wptb-row\" data-wptb-bg-color=\"\"><td class=\"wptb-cell\" style=\"border: 1px solid rgb(209, 209, 209);\" data-x-index=\"0\" data-y-index=\"7\" data-wptb-css-td-auto-width=\"true\"><div class=\"wptb-text-container wptb-ph-element wptb-element-text-23 edit-active\"><div class=\"\" style=\"position: relative;\"><p>EMCFCC SDoC (47 CFR Part 15, Subpart B); CE-EMC (EN 55032: 2015, EN 61000-3-2: 2014, EN 61000-3-3: 2013, EN 50130-4: 2011 +A1: 2014); RCM (AS\/NZS CISPR 32: 2015); IC VoC (ICES-003: Issue 6, 2016); KC (KN 32: 2015, KN 35: 2015)<br>SafetyUL (UL 60950-1); CB (IEC 60950-1:2005 + Am 1:2009 + Am 2:2013, IEC 62368-1:2014); CE-LVD (EN 60950-1:2005 + Am 1:2009 + Am 2:2013, IEC 62368-1:2014); BIS (IS 13252(Part 1):2010+A1:2013+A2:2015)<br>EnvironmentCE-RoHS (2011\/65\/EU); WEEE (2012\/19\/EU); Reach (Regulation (EC) No 1907\/2006)<br>ProtectionIP67 (IEC 60529-2013)<\/p><\/div><\/div><\/td><td class=\"wptb-cell\" style=\"border: 1px solid rgb(209, 209, 209);\" data-x-index=\"1\" data-y-index=\"7\" data-wptb-css-td-auto-width=\"true\"><div class=\"wptb-text-container wptb-ph-element wptb-element-text-24\"><div><p><\/p><\/div><\/div><\/td><td class=\"wptb-cell\" style=\"border: 1px solid rgb(209, 209, 209);\" data-x-index=\"2\" data-y-index=\"7\" data-wptb-css-td-auto-width=\"true\"><div class=\"wptb-text-container wptb-ph-element wptb-element-text-25\"><div class=\"\" style=\"position: relative;\"><p><\/p><\/div><\/div><\/td><\/tr><\/tbody><\/table><\/div><\/div>\n","protected":false},"excerpt":{"rendered":"<ul>\n<li>\n<h2 class=\"prod_name\"><span class=\"prod_name-content\">2 MP Fixed Bullet Network Camera<\/span><\/h2>\n<ul class=\"product_description_item-list\">\n<li class=\"product_description_item\">High quality imaging with 2 MP resolution<\/li>\n<li class=\"product_description_item\">Efficient H.264 compression technology<\/li>\n<li class=\"product_description_item\">Clear imaging against strong back light due to DWDR technology<\/li>\n<li class=\"product_description_item\">Water and dust resistant (IP67)<\/li>\n<li class=\"product_description_item\">EXIR 2.0: advanced infrared technology with long IR range<\/li>\n<\/ul>\n<\/li>\n<\/ul>\n","protected":false},"featured_media":872,"comment_status":"closed","ping_status":"closed","template":"","meta":{"_monsterinsights_skip_tracking":false,"_monsterinsights_sitenote_active":false,"_monsterinsights_sitenote_note":"","_monsterinsights_sitenote_category":0},"class_list":["post-871","product","type-product","status-publish","has-post-thumbnail","hentry","product_cat-network-camera","product_cat-outdoor-ip-cam","product_tag-hikvision-ip-cam","product_tag-ip-cam-hik","product_tag-outdoor-ip-cam"],"_links":{"self":[{"href":"https:\/\/hikvisionbali.com\/index.php\/wp-json\/wp\/v2\/product\/871","targetHints":{"allow":["GET"]}}],"collection":[{"href":"https:\/\/hikvisionbali.com\/index.php\/wp-json\/wp\/v2\/product"}],"about":[{"href":"https:\/\/hikvisionbali.com\/index.php\/wp-json\/wp\/v2\/types\/product"}],"replies":[{"embeddable":true,"href":"https:\/\/hikvisionbali.com\/index.php\/wp-json\/wp\/v2\/comments?post=871"}],"version-history":[{"count":2,"href":"https:\/\/hikvisionbali.com\/index.php\/wp-json\/wp\/v2\/product\/871\/revisions"}],"predecessor-version":[{"id":885,"href":"https:\/\/hikvisionbali.com\/index.php\/wp-json\/wp\/v2\/product\/871\/revisions\/885"}],"wp:featuredmedia":[{"embeddable":true,"href":"https:\/\/hikvisionbali.com\/index.php\/wp-json\/wp\/v2\/media\/872"}],"wp:attachment":[{"href":"https:\/\/hikvisionbali.com\/index.php\/wp-json\/wp\/v2\/media?parent=871"}],"curies":[{"name":"wp","href":"https:\/\/api.w.org\/{rel}","templated":true}]}}