{"id":838,"date":"2024-04-19T15:41:08","date_gmt":"2024-04-19T07:41:08","guid":{"rendered":"https:\/\/hikvisionbali.com\/?post_type=product&#038;p=838"},"modified":"2024-04-19T18:07:26","modified_gmt":"2024-04-19T10:07:26","slug":"ds-2cd2021g1-i","status":"publish","type":"product","link":"https:\/\/hikvisionbali.com\/index.php\/product\/ds-2cd2021g1-i\/","title":{"rendered":"DS-2CD2021G1-I"},"content":{"rendered":"<div class=\"wptb-table-container wptb-table-841\"><div class=\"wptb-table-container-matrix\"><table class=\"wptb-preview-table wptb-element-main-table_setting-549 edit-active\" data-reconstraction=\"1\" style=\"border: 1px solid rgb(209, 209, 209);\" data-wptb-table-tds-sum-max-width=\"394\" data-wptb-cells-width-auto-count=\"3\" role=\"table\" data-table-columns=\"3\"><tbody><tr class=\"wptb-row\" data-wptb-bg-color=\"\"><td class=\"wptb-cell\" data-y-index=\"0\" data-x-index=\"0\" style=\"border: 1px solid rgb(209, 209, 209);\" data-wptb-css-td-auto-width=\"true\"><div class=\"wptb-text-container wptb-ph-element wptb-element-text-1\"><div class=\"\" style=\"position: relative;\"><p class=\"\"><strong>Camera<\/strong><\/p><\/div><\/div><\/td><td class=\"wptb-cell\" data-y-index=\"0\" data-x-index=\"1\" style=\"border: 1px solid rgb(209, 209, 209);\" data-wptb-css-td-auto-width=\"true\"><div class=\"wptb-text-container wptb-ph-element wptb-element-text-1\"><div class=\"\" style=\"position: relative;\"><p><strong>Lens<\/strong><\/p><\/div><\/div><\/td><td class=\"wptb-cell\" data-y-index=\"0\" data-x-index=\"2\" style=\"border: 1px solid rgb(209, 209, 209);\" data-wptb-css-td-auto-width=\"true\"><div class=\"wptb-text-container wptb-ph-element wptb-element-text-1\"><div class=\"\" style=\"position: relative;\"><p><strong>Illuminator<\/strong><\/p><\/div><\/div><\/td><\/tr><tr class=\"wptb-row\" data-wptb-bg-color=\"\"><td class=\"wptb-cell\" data-y-index=\"1\" data-x-index=\"0\" style=\"border: 1px solid rgb(209, 209, 209);\" data-wptb-css-td-auto-width=\"true\"><div class=\"wptb-text-container wptb-ph-element wptb-element-text-1\"><div class=\"\" style=\"position: relative;\"><p class=\"\">Image Sensor1\/2.7\" Progressive Scan CMOS<br>Max. Resolution1920 \u00d7 1080<br>Min. IlluminationColor: 0.005 Lux @ (F1.6, AGC ON), B\/W: 0 Lux with IR<br>Shutter Time1\/3 s to 1\/100,000 s<br>Day &amp; NightIR Cut Filter<br>Angle AdjustmentPan: 0\u00b0 to 360\u00b0, tilt: 0\u00b0 to 90\u00b0, rotate: 0\u00b0 to 360\u00b0<\/p><\/div><\/div><\/td><td class=\"wptb-cell\" data-y-index=\"1\" data-x-index=\"1\" style=\"border: 1px solid rgb(209, 209, 209);\" data-wptb-css-td-auto-width=\"true\"><div class=\"wptb-text-container wptb-ph-element wptb-element-text-1\"><div class=\"\" style=\"position: relative;\"><p>FocusFixed<br>Focal Length &amp; FOV2.8 mm: horizontal FOV 111.6\u00b0, vertical FOV 59.1\u00b0, diagonal FOV 133.9\u00b0<br><br>4 mm: horizontal FOV 91.5\u00b0, vertical FOV 46.1\u00b0, diagonal FOV 109.8\u00b0<br><br>6 mm: horizontal FOV 56\u00b0, vertical FOV 29.8\u00b0, diagonal FOV 65.3\u00b0<br>Lens MountM12<br>ApertureF1.6<\/p><\/div><\/div><\/td><td class=\"wptb-cell\" data-y-index=\"1\" data-x-index=\"2\" style=\"border: 1px solid rgb(209, 209, 209);\" data-wptb-css-td-auto-width=\"true\"><div class=\"wptb-text-container wptb-ph-element wptb-element-text-1\"><div class=\"\" style=\"position: relative;\"><p>Supplement Light TypeIR<br>Supplement Light RangeUp to 30 m<br>IR Wavelength850 nm<\/p><\/div><\/div><\/td><\/tr><tr class=\"wptb-row\" data-wptb-bg-color=\"\"><td class=\"wptb-cell\" data-y-index=\"2\" data-x-index=\"0\" style=\"border: 1px solid rgb(209, 209, 209);\" data-wptb-css-td-auto-width=\"true\"><div class=\"wptb-text-container wptb-ph-element wptb-element-text-1\"><div class=\"\" style=\"position: relative;\"><p><strong>Video<\/strong><\/p><\/div><\/div><\/td><td class=\"wptb-cell\" data-y-index=\"2\" data-x-index=\"1\" style=\"border: 1px solid rgb(209, 209, 209);\" data-wptb-css-td-auto-width=\"true\"><div class=\"wptb-text-container wptb-ph-element wptb-element-text-1\"><div class=\"\" style=\"position: relative;\"><p class=\"\"><strong>Network<\/strong><\/p><\/div><\/div><\/td><td class=\"wptb-cell\" data-y-index=\"2\" data-x-index=\"2\" style=\"border: 1px solid rgb(209, 209, 209);\" data-wptb-css-td-auto-width=\"true\"><div class=\"wptb-text-container wptb-ph-element wptb-element-text-1\"><div class=\"\" style=\"position: relative;\"><p><strong>Images<\/strong><\/p><\/div><\/div><\/td><\/tr><tr class=\"wptb-row\" data-wptb-bg-color=\"\"><td class=\"wptb-cell\" data-y-index=\"3\" data-x-index=\"0\" style=\"border: 1px solid rgb(209, 209, 209);\" data-wptb-css-td-auto-width=\"true\"><div class=\"wptb-text-container wptb-ph-element wptb-element-text-1\"><div class=\"\" style=\"position: relative;\"><p>Main Stream50 Hz: 25 fps (1920 \u00d7 1080, 1280 \u00d7 720)<br><br>60 Hz: 30 fps (1920 \u00d7 1080, 1280 \u00d7 720)<br><br>&nbsp;<br>Sub-Stream50Hz: 25 fps (640 \u00d7 480, 640 \u00d7 360)<br><br>60Hz: 30 fps (640 \u00d7 480, 640 \u00d7 360)<br><br>&nbsp;<br>Video CompressionMain stream: H.265+\/H.265\/H.264+\/H.264<br><br>Sub-stream: H.265\/H.264\/MJPEG<br><br>&nbsp;<br>Video Bit Rate32 Kbps to 8 Mbps<br>H.264 TypeBaseline Profile\/Main Profile\/High Profile<br>H.265 TypeMain Profile<br>Region Of Interest (ROI)Support 1 fixed region for main stream<\/p><\/div><\/div><\/td><td class=\"wptb-cell\" data-y-index=\"3\" data-x-index=\"1\" style=\"border: 1px solid rgb(209, 209, 209);\" data-wptb-css-td-auto-width=\"true\"><div class=\"wptb-text-container wptb-ph-element wptb-element-text-1\"><div class=\"\" style=\"position: relative;\"><p>Simultaneous Live ViewUp to 6 channels<br>APIOpen Network Video Interface, ISAPI<br>User\/HostUp to 32 users. 3 levels: administrator, operator and user<br>Network StorageSupport Micro SD\/SDHC\/SDXC card (256 GB), local storage and NAS (NFS, SMB\/CIFS), ANR<br>ClientiVMS-4200, Hik-Connect, Hik-Central<br>Web BrowserPlug-in required live view: IE 10+<br><br>Plug-in free live view: Chrome 57.0+, Firefox 52.0+<br><br>Local service: Chrome 57.0+, Firefox 52.0+<\/p><\/div><\/div><\/td><td class=\"wptb-cell\" data-y-index=\"3\" data-x-index=\"2\" style=\"border: 1px solid rgb(209, 209, 209);\" data-wptb-css-td-auto-width=\"true\"><div class=\"wptb-text-container wptb-ph-element wptb-element-text-1\"><div class=\"\" style=\"position: relative;\"><p class=\"\">Image SettingsRotate mode, saturation, brightness, contrast, sharpness and white balance adjustable by client software or web browser<br>Day\/Night SwitchDay, Night, Auto, Schedule<br>Image EnhancementBLC, 3D DNR<br>Wide Dynamic Range (WDR)120 dB<\/p><\/div><\/div><\/td><\/tr><tr class=\"wptb-row\" data-wptb-bg-color=\"\"><td class=\"wptb-cell\" data-y-index=\"4\" data-x-index=\"0\" style=\"border: 1px solid rgb(209, 209, 209);\" data-wptb-css-td-auto-width=\"true\"><div class=\"wptb-text-container wptb-ph-element wptb-element-text-1\"><div class=\"\" style=\"position: relative;\"><p><strong>Interface<\/strong><\/p><\/div><\/div><\/td><td class=\"wptb-cell\" data-y-index=\"4\" data-x-index=\"1\" style=\"border: 1px solid rgb(209, 209, 209);\" data-wptb-css-td-auto-width=\"true\"><div class=\"wptb-text-container wptb-ph-element wptb-element-text-1\"><div class=\"\" style=\"position: relative;\"><p><strong>General<\/strong><\/p><\/div><\/div><\/td><td class=\"wptb-cell\" data-y-index=\"4\" data-x-index=\"2\" style=\"border: 1px solid rgb(209, 209, 209);\" data-wptb-css-td-auto-width=\"true\"><div class=\"wptb-text-container wptb-ph-element wptb-element-text-1\"><div class=\"\" style=\"position: relative;\"><p>Approval<\/p><\/div><\/div><\/td><\/tr><tr class=\"wptb-row\" data-wptb-bg-color=\"\"><td class=\"wptb-cell\" data-y-index=\"5\" data-x-index=\"0\" style=\"border: 1px solid rgb(209, 209, 209);\" data-wptb-css-td-auto-width=\"true\"><div class=\"wptb-text-container wptb-ph-element wptb-element-text-1\"><div class=\"\" style=\"position: relative;\"><p>Ethernet Interface1 RJ45 10 M\/100 M self-adaptive Ethernet port<br>On-Board StorageBuilt-in Micro SD slot, up to 256 GB<br>Reset KeyYes<\/p><\/div><\/div><\/td><td class=\"wptb-cell\" data-y-index=\"5\" data-x-index=\"1\" style=\"border: 1px solid rgb(209, 209, 209);\" data-wptb-css-td-auto-width=\"true\"><div class=\"wptb-text-container wptb-ph-element wptb-element-text-1\"><div class=\"\" style=\"position: relative;\"><p>Power12 VDC \u00b1 25%, 0.4 A, max. 5 W, \u00d85.5 mm coaxial power plug<br><br>PoE: 802.3af, Class 3, 36 to 57 V, 0.2 A to 0.15 A, max. 6.5 W<br><br>&nbsp;<br><br>&nbsp;<br>MaterialMetal, Plastic<br>Dimension69.7 mm \u00d7 67.9 mm \u00d7 171.4 mm (2.7\" \u00d7 2.7\" \u00d7 6.7\")<br>Package Dimension216 mm \u00d7 121 mm \u00d7 118 mm (8.5\" \u00d7 4.8\" \u00d7 4.7)<br>WeightApprox. 350 g (0.8 lb.)<br>With Package WeightApprox. 450 g (1.0 lb.)<br>Storage Conditions-30 \u00b0C to 60 \u00b0C (-22 \u00b0F to 140 \u00b0F). Humidity: 95% or less (non-condensing)<br>Startup And Operating Conditions-30 \u00b0C to 60 \u00b0C (-22 \u00b0F to 140 \u00b0F). Humidity: 95% or less (non-condensing)<br>Language33 languages<br><br>English, Russian, Estonian, Bulgarian, Hungarian, Greek, German, Italian, Czech, Slovak,<br><br>French, Polish, Dutch, Portuguese, Spanish, Romanian, Danish, Swedish, Norwegian,<br><br>Finnish, Croatian, Slovenian, Serbian, Turkish, Korean, Traditional Chinese, Thai,<br><br>Vietnamese, Japanese, Latvian, Lithuanian, Portuguese (Brazil), Ukrainian<br><br>&nbsp;<br><br>&nbsp;<br>General FunctionOne-key reset, anti-flicker, heartbeat, mirror, password protection, privacy mask, watermark, IP address filter<\/p><\/div><\/div><\/td><td class=\"wptb-cell\" data-y-index=\"5\" data-x-index=\"2\" style=\"border: 1px solid rgb(209, 209, 209);\" data-wptb-css-td-auto-width=\"true\"><div class=\"wptb-text-container wptb-ph-element wptb-element-text-1\"><div class=\"\" style=\"position: relative;\"><p>EMCFCC SDoC (47 CFR Part 15, Subpart B); CE-EMC (EN 55032: 2015, EN 61000-3-2: 2014, EN 61000-3-3: 2013, EN 50130-4: 2011 +A1: 2014); RCM (AS\/NZS CISPR 32: 2015); IC VoC (ICES-003: Issue 6, 2016); KC (KN 32: 2015, KN 35: 2015)<br>SafetyUL (UL 60950-1); CB (IEC 60950-1:2005 + Am 1:2009 + Am 2:2013, IEC 62368-1:2014); CE-LVD (EN 60950-1:2005 + Am 1:2009 + Am 2:2013, IEC 62368-1:2014); BIS (IS 13252(Part 1):2010+A1:2013+A2:2015); LOA (IEC\/EN 60950-1)<br>EnvironmentCE-RoHS (2011\/65\/EU); WEEE (2012\/19\/EU); Reach (Regulation (EC) No 1907\/2006)<br>ProtectionIP67 (IEC 60529-2013)<\/p><\/div><\/div><\/td><\/tr><\/tbody><\/table><\/div><\/div>\n","protected":false},"excerpt":{"rendered":"<h2 class=\"prod_name\"><span class=\"prod_name-content\">2 MP WDR Fixed Mini Bullet Network Camera<\/span><\/h2>\n<ul class=\"product_description_item-list\">\n<li class=\"product_description_item\">High quality imaging with 2 MP resolution<\/li>\n<li class=\"product_description_item\">Efficient H.265+ compression technology<\/li>\n<li class=\"product_description_item\">Clear imaging against strong back light due to 120 dB true WDR technology<\/li>\n<li class=\"product_description_item\">Water and dust resistant (IP67)<\/li>\n<li class=\"product_description_item\">Support up to 256 GB SD card storage<\/li>\n<\/ul>\n","protected":false},"featured_media":843,"comment_status":"closed","ping_status":"closed","template":"","meta":{"_monsterinsights_skip_tracking":false,"_monsterinsights_sitenote_active":false,"_monsterinsights_sitenote_note":"","_monsterinsights_sitenote_category":0},"class_list":["post-838","product","type-product","status-publish","has-post-thumbnail","hentry","product_cat-network-camera","product_cat-outdoor-ip-cam","product_tag-hikvision-ip-cam","product_tag-ip-cam-hik","product_tag-outdoor-ip-cam"],"_links":{"self":[{"href":"https:\/\/hikvisionbali.com\/index.php\/wp-json\/wp\/v2\/product\/838","targetHints":{"allow":["GET"]}}],"collection":[{"href":"https:\/\/hikvisionbali.com\/index.php\/wp-json\/wp\/v2\/product"}],"about":[{"href":"https:\/\/hikvisionbali.com\/index.php\/wp-json\/wp\/v2\/types\/product"}],"replies":[{"embeddable":true,"href":"https:\/\/hikvisionbali.com\/index.php\/wp-json\/wp\/v2\/comments?post=838"}],"version-history":[{"count":1,"href":"https:\/\/hikvisionbali.com\/index.php\/wp-json\/wp\/v2\/product\/838\/revisions"}],"predecessor-version":[{"id":846,"href":"https:\/\/hikvisionbali.com\/index.php\/wp-json\/wp\/v2\/product\/838\/revisions\/846"}],"wp:featuredmedia":[{"embeddable":true,"href":"https:\/\/hikvisionbali.com\/index.php\/wp-json\/wp\/v2\/media\/843"}],"wp:attachment":[{"href":"https:\/\/hikvisionbali.com\/index.php\/wp-json\/wp\/v2\/media?parent=838"}],"curies":[{"name":"wp","href":"https:\/\/api.w.org\/{rel}","templated":true}]}}