{"id":535,"date":"2021-03-14T13:49:54","date_gmt":"2021-03-14T05:49:54","guid":{"rendered":"https:\/\/hikvisionbali.com\/?post_type=product&#038;p=535"},"modified":"2024-04-19T18:08:27","modified_gmt":"2024-04-19T10:08:27","slug":"ds-2cd2121g0-i","status":"publish","type":"product","link":"https:\/\/hikvisionbali.com\/index.php\/product\/ds-2cd2121g0-i\/","title":{"rendered":"DS-2CD2121GO-I"},"content":{"rendered":"<div class=\"wptb-table-container wptb-table-541\"><div class=\"wptb-table-container-matrix\"><table class=\"wptb-preview-table wptb-element-main-table_setting-523\" data-reconstraction=\"1\" style=\"border: 1px solid rgb(209, 209, 209);\" data-wptb-table-tds-sum-max-width=\"394\" data-wptb-cells-width-auto-count=\"3\" role=\"table\" data-wptb-header-background-color=\"\" data-wptb-even-row-background-color=\"\" data-wptb-odd-row-background-color=\"\" data-table-columns=\"3\"><tbody><tr class=\"wptb-row\" data-wptb-bg-color=\"\"><td class=\"wptb-cell\" data-y-index=\"0\" data-x-index=\"0\" style=\"border: 1px solid rgb(209, 209, 209);\" data-wptb-css-td-auto-width=\"true\"><div class=\"wptb-text-container wptb-ph-element wptb-element-text-1\"><div class=\"\" style=\"position: relative;\"><p><strong>Camera<\/strong><\/p><\/div><\/div><\/td><td class=\"wptb-cell\" data-y-index=\"0\" data-x-index=\"1\" style=\"border: 1px solid rgb(209, 209, 209);\" data-wptb-css-td-auto-width=\"true\"><div class=\"wptb-text-container wptb-ph-element wptb-element-text-1\"><div class=\"\" style=\"position: relative;\"><p><strong>Lens<\/strong><\/p><\/div><\/div><\/td><td class=\"wptb-cell\" data-y-index=\"0\" data-x-index=\"2\" style=\"border: 1px solid rgb(209, 209, 209);\" data-wptb-css-td-auto-width=\"true\"><div class=\"wptb-text-container wptb-ph-element wptb-element-text-1\"><div class=\"\" style=\"position: relative;\"><p><strong>Illuminator<\/strong><\/p><\/div><\/div><\/td><\/tr><tr class=\"wptb-row\" data-wptb-bg-color=\"\"><td class=\"wptb-cell\" data-y-index=\"1\" data-x-index=\"0\" style=\"border: 1px solid rgb(209, 209, 209);\" data-wptb-css-td-auto-width=\"true\"><div class=\"wptb-text-container wptb-ph-element wptb-element-text-2\"><div class=\"\" style=\"position: relative;\"><p class=\"\"><strong>Image Sensor<\/strong><br>1\/2.7\" Progressive Scan CMOS<br><strong>Min. Illumination<\/strong><br>Color: 0.005 Lux @ (F1.6, AGC ON), B\/W: 0 Lux with IR<br><strong>Shutter Speed<\/strong><br>1\/3 s to 1\/100,000 s<br><strong>Slow Shutter<\/strong><br>Yes<br><strong>Wide Dynamic Range<\/strong><br>120 dB<br><strong>Day &amp; Night<\/strong><br>IR Cut Filter<br><strong>Angle Adjustment<\/strong><br>Pan: 0\u00b0 to 355\u00b0, tilt: 0\u00b0 to 75\u00b0, rotate: 0\u00b0 to 355\u00b0<\/p><\/div><\/div><div class=\"wptb-text-container wptb-ph-element wptb-element-text-1\"><div class=\"\" style=\"position: relative;\"><p><\/p><\/div><\/div><\/td><td class=\"wptb-cell\" data-y-index=\"1\" data-x-index=\"1\" style=\"border: 1px solid rgb(209, 209, 209);\" data-wptb-css-td-auto-width=\"true\"><div class=\"wptb-text-container wptb-ph-element wptb-element-text-3\"><div class=\"\" style=\"position: relative;\"><p class=\"\"><strong>Focal Length &amp; FOV<\/strong><br>2.8 mm: horizontal FOV 111.6\u00b0, vertical FOV 59.1\u00b0, diagonal FOV 133.9\u00b0<br>4 mm: horizontal FOV 91.5\u00b0, vertical FOV 46.1\u00b0, diagonal FOV 109.8\u00b0<br>6 mm: horizontal FOV 56\u00b0, vertical FOV 29.8\u00b0, diagonal FOV 65.3\u00b0<br><br><strong>Lens Mount<\/strong><br>M12<br><strong>Focus<\/strong><br>Fixed<br><strong>Aperture<\/strong><br>F1.6<\/p><\/div><\/div><div class=\"wptb-text-container wptb-ph-element wptb-element-text-1\"><div class=\"\" style=\"position: relative;\"><p><\/p><\/div><\/div><\/td><td class=\"wptb-cell\" data-y-index=\"1\" data-x-index=\"2\" style=\"border: 1px solid rgb(209, 209, 209);\" data-wptb-css-td-auto-width=\"true\"><div class=\"wptb-text-container wptb-ph-element wptb-element-text-4\"><div class=\"\" style=\"position: relative;\"><p><strong>IR Range<\/strong><br>Up to 30 m<br><strong>IR Wavelength<\/strong><br>850 nm<\/p><\/div><\/div><div class=\"wptb-text-container wptb-ph-element wptb-element-text-1\"><div class=\"\" style=\"position: relative;\"><p><\/p><\/div><\/div><\/td><\/tr><tr class=\"wptb-row\" data-wptb-bg-color=\"\"><td class=\"wptb-cell\" style=\"border: 1px solid rgb(209, 209, 209);\" data-x-index=\"0\" data-y-index=\"2\" data-wptb-css-td-auto-width=\"true\"><div class=\"wptb-text-container wptb-ph-element wptb-element-text-17\"><div class=\"\" style=\"position: relative;\"><p><strong>Video<\/strong><\/p><\/div><\/div><\/td><td class=\"wptb-cell\" style=\"border: 1px solid rgb(209, 209, 209);\" data-x-index=\"1\" data-y-index=\"2\" data-wptb-css-td-auto-width=\"true\"><div class=\"wptb-text-container wptb-ph-element wptb-element-text-18\"><div class=\"\" style=\"position: relative;\"><p><strong>Network<\/strong><\/p><\/div><\/div><\/td><td class=\"wptb-cell\" style=\"border: 1px solid rgb(209, 209, 209);\" data-x-index=\"2\" data-y-index=\"2\" data-wptb-css-td-auto-width=\"true\"><div class=\"wptb-text-container wptb-ph-element wptb-element-text-19\"><div class=\"\" style=\"position: relative;\"><p><strong>Images<\/strong><\/p><\/div><\/div><\/td><\/tr><tr class=\"wptb-row\" data-wptb-bg-color=\"\"><td class=\"wptb-cell\" style=\"border: 1px solid rgb(209, 209, 209);\" data-x-index=\"0\" data-y-index=\"3\" data-wptb-css-td-auto-width=\"true\"><div class=\"wptb-text-container wptb-ph-element wptb-element-text-8\"><div class=\"\" style=\"position: relative;\"><p class=\"\"><strong>Max. Resolution<\/strong><br>1920 \u00d7 1080<br><strong>Main Stream<\/strong><br>50 Hz: 25 fps (1920 \u00d7 1080, 1280 \u00d7 720)<br>60 Hz: 30 fps (1920 \u00d7 1080, 1280 \u00d7 720)<br><br><strong>Sub-Stream<\/strong><br>50 Hz: 25 fps (640 \u00d7 480, 640 \u00d7 360)<br>60 Hz: 30 fps (640 \u00d7 480, 640 \u00d7 360)<br><br><strong>Video Compression<\/strong><br>Main stream: H.265\/H.264<br>Sub-stream: H.265\/H.264\/MJPEG<br><br><strong>Video Bit Rate<\/strong><br>32 Kbps to 8 Mbps<br><strong>H.264 Type<\/strong><br>Baseline Profile\/Main Profile\/High Profile<br><strong>H.265 Type<\/strong><br>Main Profile<br><strong>H.264+<\/strong><br>Main stream supports<br><strong>H.265+<\/strong><br>Main stream supports<br><strong>Region Of Interest (ROI)<\/strong><br>Support 1 fixed region for main stream<\/p><\/div><\/div><\/td><td class=\"wptb-cell\" style=\"border: 1px solid rgb(209, 209, 209);\" data-x-index=\"1\" data-y-index=\"3\" data-wptb-css-td-auto-width=\"true\"><div class=\"wptb-text-container wptb-ph-element wptb-element-text-9\"><div class=\"\" style=\"position: relative;\"><p><strong>Protocols<\/strong><br>TCP\/IP, ICMP, HTTP, HTTPS, FTP, DHCP, DNS, DDNS, RTP, RTSP, RTCP, PPPoE, NTP, UPnP\u2122, SMTP, SNMP, IGMP, 802.1X, QoS, IPv6, Bonjour, IPv4, UDP, SSL\/TLS<br><strong>Simultaneous Live View<\/strong><br>Up to 6 channels<br><strong>API<\/strong><br>Open Network Video Interface, ISAPI<br><strong>User\/Host<\/strong><br>Up to 32 users. 3 levels: administrator, operator and user<br><strong>Network Storage<\/strong><br>Support Micro SD\/SDHC\/SDXC card (256 GB), local storage and NAS (NFS, SMB\/CIFS), ANR<br><strong>Client<\/strong><br>iVMS-4200, Hik-Connect, Hik-Central<br><strong>Web Browser<\/strong><br>Plug-in required live view: IE 10+<br>Plug-in free live view: Chrome 57.0+, Firefox 52.0+<br>Local service: Chrome 57.0+, Firefox 52.0+<\/p><\/div><\/div><\/td><td class=\"wptb-cell\" style=\"border: 1px solid rgb(209, 209, 209);\" data-x-index=\"2\" data-y-index=\"3\" data-wptb-css-td-auto-width=\"true\"><div class=\"wptb-text-container wptb-ph-element wptb-element-text-10\"><div class=\"\" style=\"position: relative;\"><p><strong>Image Settings<\/strong><br>Rotate mode, saturation, brightness, contrast, sharpness and white balance adjustable by client software or web browser<br><strong>Day\/Night Switch<\/strong><br>Day, Night, Auto, Schedule<br><strong>Image Enhancement<\/strong><br>BLC, 3D DNR<\/p><\/div><\/div><\/td><\/tr><tr class=\"wptb-row\" data-wptb-bg-color=\"\"><td class=\"wptb-cell\" style=\"border: 1px solid rgb(209, 209, 209);\" data-x-index=\"0\" data-y-index=\"4\" data-wptb-css-td-auto-width=\"true\"><div class=\"wptb-text-container wptb-ph-element wptb-element-text-11\"><div class=\"\" style=\"position: relative;\"><p><strong>Interface<\/strong><\/p><\/div><\/div><\/td><td class=\"wptb-cell\" style=\"border: 1px solid rgb(209, 209, 209);\" data-x-index=\"1\" data-y-index=\"4\" data-wptb-css-td-auto-width=\"true\"><div class=\"wptb-text-container wptb-ph-element wptb-element-text-12\"><div class=\"\" style=\"position: relative;\"><p><strong>Event<\/strong><\/p><\/div><\/div><\/td><td class=\"wptb-cell\" style=\"border: 1px solid rgb(209, 209, 209);\" data-x-index=\"2\" data-y-index=\"4\" data-wptb-css-td-auto-width=\"true\"><div class=\"wptb-text-container wptb-ph-element wptb-element-text-13\"><div class=\"\" style=\"position: relative;\"><p><strong>General<\/strong><\/p><\/div><\/div><\/td><\/tr><tr class=\"wptb-row\" data-wptb-bg-color=\"\"><td class=\"wptb-cell\" style=\"border: 1px solid rgb(209, 209, 209);\" data-x-index=\"0\" data-y-index=\"5\" data-wptb-css-td-auto-width=\"true\"><div class=\"wptb-text-container wptb-ph-element wptb-element-text-14\"><div class=\"\" style=\"position: relative;\"><p><strong>Ethernet Interface<\/strong><br>1 RJ45 10 M\/100 M self-adaptive Ethernet port<br><strong>On-Board Storage<\/strong><br>Built-in Micro SD slot, up to 256 GB<br><strong>Audio<\/strong><br>-S: 1 input (line in), 1 output (line out)<br><strong>Alarm<\/strong><br>-S: 1 input, 1 output (max. 12 VDC, 30 mA)<br><strong>Hardware Reset<\/strong><br>Yes<\/p><\/div><\/div><\/td><td class=\"wptb-cell\" style=\"border: 1px solid rgb(209, 209, 209);\" data-x-index=\"1\" data-y-index=\"5\" data-wptb-css-td-auto-width=\"true\"><div class=\"wptb-text-container wptb-ph-element wptb-element-text-15\"><div class=\"\" style=\"position: relative;\"><p><strong>Smart Event<\/strong><br>Line crossing detection, intrusion detection<\/p><\/div><\/div><\/td><td class=\"wptb-cell\" style=\"border: 1px solid rgb(209, 209, 209);\" data-x-index=\"2\" data-y-index=\"5\" data-wptb-css-td-auto-width=\"true\"><div class=\"wptb-text-container wptb-ph-element wptb-element-text-16\"><div class=\"\" style=\"position: relative;\"><p><strong>Linkage Method<\/strong><br>Upload to FTP\/NAS\/memory card, notify surveillance center, send email, trigger recording, trigger capture<br><strong>Camera Material<\/strong><br>Metal &amp; Plastic<br><strong>Camera Dimension<\/strong><br>\u00d8110.8 mm \u00d7 84.7 mm (\u00d8 4.4\" \u00d7 3.3\")<br><strong>Package Dimension<\/strong><br>135 mm \u00d7 135 mm \u00d7 110 mm (5.3\" \u00d7 5.3\" \u00d7 4.3\")<br><strong>Camera Weight<\/strong><br>Approx. 497 g (1.1 lb.)<br><strong>With Package Weight<\/strong><br>Approx. 597 g (1.3 lb.)<br><strong>Startup And Operating Conditions<\/strong><br>-30 \u00b0C to 60 \u00b0C (-22 \u00b0F to 140 \u00b0F). Humidity: 95% or less (non-condensing)<br><strong>Storage Conditions<\/strong><br>-30 \u00b0C to 60 \u00b0C (-22 \u00b0F to 140 \u00b0F). Humidity: 95% or less (non-condensing)<br><strong>Web Client Language<\/strong><br>33 languages<br>English, Russian, Estonian, Bulgarian, Hungarian, Greek, German, Italian, Czech, Slovak,<br>French, Polish, Dutch, Portuguese, Spanish, Romanian, Danish, Swedish, Norwegian,<br>Finnish, Croatian, Slovenian, Serbian, Turkish, Korean, Traditional Chinese, Thai,<br>Vietnamese, Japanese, Latvian, Lithuanian, Portuguese (Brazil), Ukrainian<br><br><strong>General Function<\/strong><br>One-key reset, anti-flicker, heartbeat, mirror, password protection, privacy mask, watermark, IP address filter<br><strong>Firmware Version<\/strong><br>V5.5.120<br><strong>Power Supply<\/strong><br>12 VDC \u00b1 25%<br>PoE: 802.3af, Class 3<br><br><strong>Power Interface<\/strong><br>\u00d85.5 mm coaxial power plug<br><br><strong>Power Consumption And Current<\/strong><br>12 VDC, 0.4 A, max. 5 W<br>PoE: (802.3af, 36 V to 57 V), 0.20 A to 0.15 A, max. 6.5 W<\/p><\/div><\/div><\/td><\/tr><tr class=\"wptb-row\" data-wptb-bg-color=\"\"><td class=\"wptb-cell\" style=\"border: 1px solid rgb(209, 209, 209);\" data-x-index=\"0\" data-y-index=\"6\" data-wptb-css-td-auto-width=\"true\"><div class=\"wptb-text-container wptb-ph-element wptb-element-text-20 edit-active\"><div class=\"\" style=\"position: relative;\"><p><strong>Approval<\/strong><\/p><\/div><\/div><\/td><td class=\"wptb-cell\" style=\"border: 1px solid rgb(209, 209, 209);\" data-x-index=\"1\" data-y-index=\"6\" data-wptb-css-td-auto-width=\"true\"><div class=\"wptb-text-container wptb-ph-element wptb-element-text-21\"><div class=\"\" style=\"position: relative;\"><p><\/p><\/div><\/div><\/td><td class=\"wptb-cell\" style=\"border: 1px solid rgb(209, 209, 209);\" data-x-index=\"2\" data-y-index=\"6\" data-wptb-css-td-auto-width=\"true\"><div class=\"wptb-text-container wptb-ph-element wptb-element-text-22\"><div class=\"\" style=\"position: relative;\"><p><\/p><\/div><\/div><\/td><\/tr><tr class=\"wptb-row\" data-wptb-bg-color=\"\"><td class=\"wptb-cell\" style=\"border: 1px solid rgb(209, 209, 209);\" data-x-index=\"0\" data-y-index=\"7\" data-wptb-css-td-auto-width=\"true\"><div class=\"wptb-text-container wptb-ph-element wptb-element-text-23\"><div class=\"\" style=\"position: relative;\"><p><strong>EMC<\/strong><br>FCC SDoC (47 CFR Part 15, Subpart B); CE-EMC (EN 55032: 2015, EN 61000-3-2: 2014, EN 61000-3-3: 2013, EN 50130-4: 2011 +A1: 2014); RCM (AS\/NZS CISPR 32: 2015); IC VoC (ICES-003: Issue 6, 2016); KC (KN 32: 2015, KN 35: 2015)<br><strong>Safety<\/strong><br>UL (UL 60950-1); CB (IEC 60950-1:2005 + Am 1:2009 + Am 2:2013, IEC 62368-1:2014); CE-LVD (EN 60950-1:2005 + Am 1:2009 + Am 2:2013, IEC 62368-1:2014); BIS (IS 13252(Part 1):2010+A1:2013+A2:2015); LOA (IEC\/EN 60950-1)<br><br><strong>Environment<\/strong><br>CE-RoHS (2011\/65\/EU); WEEE (2012\/19\/EU); Reach (Regulation (EC) No 1907\/2006)<br><br><strong>Protection<\/strong><br>IP67 (IEC 60529-2013)<\/p><\/div><\/div><\/td><td class=\"wptb-cell\" style=\"border: 1px solid rgb(209, 209, 209);\" data-x-index=\"1\" data-y-index=\"7\" data-wptb-css-td-auto-width=\"true\"><div class=\"wptb-text-container wptb-ph-element wptb-element-text-24\"><div><p><\/p><\/div><\/div><\/td><td class=\"wptb-cell\" style=\"border: 1px solid rgb(209, 209, 209);\" data-x-index=\"2\" data-y-index=\"7\" data-wptb-css-td-auto-width=\"true\"><div class=\"wptb-text-container wptb-ph-element wptb-element-text-25\"><div class=\"\" style=\"position: relative;\"><p><\/p><\/div><\/div><\/td><\/tr><\/tbody><\/table><\/div><\/div>\n","protected":false},"excerpt":{"rendered":"<h2 class=\"prod_name\"><span class=\"prod_name-content\">2 MP WDR Fixed Dome Network Camera<\/span><\/h2>\n<ul class=\"product_description_item-list\">\n<li class=\" product_description_item\">High quality imaging with 2 MP resolution<\/li>\n<li class=\" product_description_item\">Efficient H.265+ compression technology<\/li>\n<li class=\" product_description_item\">Clear imaging against strong back light due to 120 dB true WDR technology<\/li>\n<li class=\" product_description_item\">Water and dust resistant (IP67) and vandal proof (IK10)<\/li>\n<li class=\" product_description_item\">Support up to 256 GB SD card storage<\/li>\n<\/ul>\n","protected":false},"featured_media":536,"comment_status":"closed","ping_status":"closed","template":"","meta":{"_monsterinsights_skip_tracking":false,"_monsterinsights_sitenote_active":false,"_monsterinsights_sitenote_note":"","_monsterinsights_sitenote_category":0},"class_list":["post-535","product","type-product","status-publish","has-post-thumbnail","hentry","product_cat-network-camera","product_cat-indoor-ip-cam","product_tag-indoor-ip-cam"],"_links":{"self":[{"href":"https:\/\/hikvisionbali.com\/index.php\/wp-json\/wp\/v2\/product\/535","targetHints":{"allow":["GET"]}}],"collection":[{"href":"https:\/\/hikvisionbali.com\/index.php\/wp-json\/wp\/v2\/product"}],"about":[{"href":"https:\/\/hikvisionbali.com\/index.php\/wp-json\/wp\/v2\/types\/product"}],"replies":[{"embeddable":true,"href":"https:\/\/hikvisionbali.com\/index.php\/wp-json\/wp\/v2\/comments?post=535"}],"version-history":[{"count":5,"href":"https:\/\/hikvisionbali.com\/index.php\/wp-json\/wp\/v2\/product\/535\/revisions"}],"predecessor-version":[{"id":848,"href":"https:\/\/hikvisionbali.com\/index.php\/wp-json\/wp\/v2\/product\/535\/revisions\/848"}],"wp:featuredmedia":[{"embeddable":true,"href":"https:\/\/hikvisionbali.com\/index.php\/wp-json\/wp\/v2\/media\/536"}],"wp:attachment":[{"href":"https:\/\/hikvisionbali.com\/index.php\/wp-json\/wp\/v2\/media?parent=535"}],"curies":[{"name":"wp","href":"https:\/\/api.w.org\/{rel}","templated":true}]}}