{"id":1059,"date":"2024-04-21T17:26:09","date_gmt":"2024-04-21T09:26:09","guid":{"rendered":"https:\/\/hikvisionbali.com\/?post_type=product&#038;p=1059"},"modified":"2024-04-21T17:29:01","modified_gmt":"2024-04-21T09:29:01","slug":"ids-7232hqhi-m2-s","status":"publish","type":"product","link":"https:\/\/hikvisionbali.com\/index.php\/product\/ids-7232hqhi-m2-s\/","title":{"rendered":"iDS-7232HQHI-M2\/S"},"content":{"rendered":"<div class=\"wptb-table-container wptb-table-1060\"><div class=\"wptb-table-container-matrix\"><table class=\"wptb-preview-table wptb-element-main-table_setting-523 edit-active\" data-reconstraction=\"1\" style=\"border: 1px solid rgb(209, 209, 209);\" data-wptb-table-tds-sum-max-width=\"394\" data-wptb-cells-width-auto-count=\"3\" role=\"table\" data-wptb-header-background-color=\"\" data-wptb-even-row-background-color=\"\" data-wptb-odd-row-background-color=\"\" data-table-columns=\"3\"><tbody><tr class=\"wptb-row\" data-wptb-bg-color=\"\"><td class=\"wptb-cell\" data-y-index=\"0\" data-x-index=\"0\" style=\"border: 1px solid rgb(209, 209, 209);\" data-wptb-css-td-auto-width=\"true\"><div class=\"wptb-text-container wptb-ph-element wptb-element-text-1\"><div class=\"\" style=\"position: relative;\"><p><strong>Motion Detection 2.0<\/strong><\/p><\/div><\/div><\/td><td class=\"wptb-cell\" data-y-index=\"0\" data-x-index=\"1\" style=\"border: 1px solid rgb(209, 209, 209);\" data-wptb-css-td-auto-width=\"true\"><div class=\"wptb-text-container wptb-ph-element wptb-element-text-1\"><div class=\"\" style=\"position: relative;\"><p><strong>Perimeter Protection<\/strong><\/p><\/div><\/div><\/td><td class=\"wptb-cell\" data-y-index=\"0\" data-x-index=\"2\" style=\"border: 1px solid rgb(209, 209, 209);\" data-wptb-css-td-auto-width=\"true\"><div class=\"wptb-text-container wptb-ph-element wptb-element-text-1\"><div class=\"\" style=\"position: relative;\"><p><strong>Facial Detection<\/strong><\/p><\/div><\/div><\/td><\/tr><tr class=\"wptb-row\" data-wptb-bg-color=\"\"><td class=\"wptb-cell\" data-y-index=\"1\" data-x-index=\"0\" style=\"border: 1px solid rgb(209, 209, 209);\" data-wptb-css-td-auto-width=\"true\"><div class=\"wptb-text-container wptb-ph-element wptb-element-text-2\"><div class=\"\" style=\"position: relative;\"><p>Human\/Vehicle AnalysisDeep learning-based motion detection 2.0 is enabled by default for all analog channels, it can classify human and vehicle, and extremely reduce false alarms caused by objects like leaves and lights;<br><br>Quick search by object or event type is supported;<\/p><\/div><\/div><div class=\"wptb-text-container wptb-ph-element wptb-element-text-1\"><div class=\"\" style=\"position: relative;\"><p><\/p><\/div><\/div><\/td><td class=\"wptb-cell\" data-y-index=\"1\" data-x-index=\"1\" style=\"border: 1px solid rgb(209, 209, 209);\" data-wptb-css-td-auto-width=\"true\"><div class=\"wptb-text-container wptb-ph-element wptb-element-text-3\"><div class=\"\" style=\"position: relative;\"><p class=\"\">Human\/Vehicle AnalysisUp to 4-ch<\/p><\/div><\/div><div class=\"wptb-text-container wptb-ph-element wptb-element-text-1\"><div class=\"\" style=\"position: relative;\"><p><\/p><\/div><\/div><\/td><td class=\"wptb-cell\" data-y-index=\"1\" data-x-index=\"2\" style=\"border: 1px solid rgb(209, 209, 209);\" data-wptb-css-td-auto-width=\"true\"><div class=\"wptb-text-container wptb-ph-element wptb-element-text-4\"><div class=\"\" style=\"position: relative;\"><p>Facial Detection And CaptureFace picture detection, face picture search<\/p><\/div><\/div><div class=\"wptb-text-container wptb-ph-element wptb-element-text-1\"><div class=\"\" style=\"position: relative;\"><p><\/p><\/div><\/div><\/td><\/tr><tr class=\"wptb-row\" data-wptb-bg-color=\"\"><td class=\"wptb-cell\" style=\"border: 1px solid rgb(209, 209, 209);\" data-x-index=\"0\" data-y-index=\"2\" data-wptb-css-td-auto-width=\"true\"><div class=\"wptb-text-container wptb-ph-element wptb-element-text-17\"><div class=\"\" style=\"position: relative;\"><p class=\"\"><strong>Recording<\/strong><\/p><\/div><\/div><\/td><td class=\"wptb-cell\" style=\"border: 1px solid rgb(209, 209, 209);\" data-x-index=\"1\" data-y-index=\"2\" data-wptb-css-td-auto-width=\"true\"><div class=\"wptb-text-container wptb-ph-element wptb-element-text-18\"><div class=\"\" style=\"position: relative;\"><p class=\"\"><strong>Video And Audio<\/strong><\/p><\/div><\/div><\/td><td class=\"wptb-cell\" style=\"border: 1px solid rgb(209, 209, 209);\" data-x-index=\"2\" data-y-index=\"2\" data-wptb-css-td-auto-width=\"true\"><div class=\"wptb-text-container wptb-ph-element wptb-element-text-19\"><div class=\"\" style=\"position: relative;\"><p><strong>Network<\/strong><\/p><\/div><\/div><\/td><\/tr><tr class=\"wptb-row\" data-wptb-bg-color=\"\"><td class=\"wptb-cell\" style=\"border: 1px solid rgb(209, 209, 209);\" data-x-index=\"0\" data-y-index=\"3\" data-wptb-css-td-auto-width=\"true\"><div class=\"wptb-text-container wptb-ph-element wptb-element-text-8\"><div class=\"\" style=\"position: relative;\"><p class=\"\">Video CompressionH.265 Pro+\/H.265 Pro\/H.265\/H.264+\/H.264<br>Encoding ResolutionWhen 1080p Lite mode is not enabled:<br><br>4 MP lite\/3 MP\/1080p\/720p\/VGA\/WD1\/4CIF\/CIF;<br><br>When 1080p Lite mode is enabled:<br><br>4 MP lite\/3 MP\/1080p lite\/720p lite\/VGA\/WD1\/4CIF\/CIF<br>Frame RateMain stream:<br><br>When 1080p Lite mode not enabled:<br><br>For 4 MP stream access:<br><br>4 MP lite@15 fps; 1080p lite\/720p\/WD1\/4CIF\/VGA\/CIF@25 fps (P)\/30 fps (N)<br><br>For 3 MP stream access: 3 MP\/1080p\/720p\/VGA\/WD1\/4CIF\/CIF@15 fps<br><br>For 1080p stream access:<br><br>1080p\/720p@15 fps; VGA\/WD1\/4CIF\/CIF@25 fps (P)\/30 fps (N)<br><br>For 720p stream access: 720p\/VGA\/WD1\/4CIF\/CIF@25 fps (P)\/30 fps (N)<br><br>When 1080p Lite mode enabled:<br><br>4 MP lite\/3 MP@15 fps; 1080p lite\/720p lite\/VGA\/WD1\/4CIF\/CIF@25 fps (P)\/30 fps (N)<br><br>Sub-stream:<br><br>WD1\/4CIF@12 fps; CIF@25 fps (P)\/30 fps (N)<br><br>&nbsp;<br>Video Bitrate32 Kbps to 10 Mbps<br>Dual-StreamSupport<br>Stream TypeVideo, Video &amp; Audio<br>Audio CompressionG.711u<br>Audio Bitrate64 Kbps<\/p><\/div><\/div><\/td><td class=\"wptb-cell\" style=\"border: 1px solid rgb(209, 209, 209);\" data-x-index=\"1\" data-y-index=\"3\" data-wptb-css-td-auto-width=\"true\"><div class=\"wptb-text-container wptb-ph-element wptb-element-text-9\"><div class=\"\" style=\"position: relative;\"><p class=\"\">IP Video Input2-ch (up to 34-ch)<br><br>&nbsp;<br><br>Enhanced IP mode on:<br><br>8-ch (up to 40-ch), each up to 4 Mbps,<br><br>Up to 6 MP resolution,<br><br>Support H.265+\/H.265\/H.264+\/H.264 IP cameras<br>Analog Video Input32-ch<br><br>BNC interface (1.0 Vp-p, 75 \u03a9), supporting coaxitron connection<br>HDTVI Input4 MP@30 fps, 4 MP@25 fps, 3 MP@18 fps, 1080p@30 fps, 1080p@25 fps, 720p@60 fps, 720p@50 fps, 720p@30 fps, 720p@25 fps<br><br>*: The 3 MP signal input is only available for channel 1\/2\/3\/4.<br><br>&nbsp;<br>AHD Input4 MP, 1080p@25 fps, 1080p@30 fps, 720p@25 fps, 720p@30 fps<br>HDCVI Input4 MP, 1080p@25 fps, 1080p@30 fps, 720p@25 fps, 720p@30 fps<br>CVBS InputPAL\/NTSC<br>CVBS Output1-ch, BNC (1.0 Vp-p, 75 \u03a9),<br><br>resolution: PAL: 704 \u00d7 576, NTSC: 704 \u00d7 480<br><br>&nbsp;<br>HDMI Output1-ch, 4K (3840 \u00d7 2160)\/30Hz, 2K (2560 \u00d7 1440)\/60Hz, 1920 \u00d7 1080\/60Hz, 1280 \u00d7 1024\/60Hz, 1280 \u00d7 720\/60Hz<br>VGA Output1-ch, 1920 \u00d7 1080\/60 Hz, 1280 \u00d7 1024\/60 Hz, 1280 \u00d7 720\/60 Hz<br><br>HDMI\/VGA simultaneous output<br>Audio Input1-ch, RCA (2.0 Vp-p, 1 K\u03a9)\uff0c32-ch via coaxial cable<br>Audio Output1-ch, RCA (Linear, 1 K\u03a9)<br>Two-Way Audio1-ch, RCA (2.0 Vp-p, 1 K\u03a9) (using the first audio input)<br>Synchronous Playback16-ch<\/p><\/div><\/div><\/td><td class=\"wptb-cell\" style=\"border: 1px solid rgb(209, 209, 209);\" data-x-index=\"2\" data-y-index=\"3\" data-wptb-css-td-auto-width=\"true\"><div class=\"wptb-text-container wptb-ph-element wptb-element-text-10\"><div class=\"\" style=\"position: relative;\"><p>Remote Connection128<br>Network ProtocolTCP\/IP, PPPoE, DHCP, Hik-Connect, DNS, DDNS, NTP, SADP, NFS, iSCSI, UPnP\u2122, HTTPS, ONVIF<br>Total Bandwidth128 Mbps<br>Network Interface1,RJ45 10\/100\/1000 Mbps self-adaptive<br><br>Ethernet interface<br><br>&nbsp;<br><br>&nbsp;<br>Wi-FiWi-Fi Connectable to Wi-Fi network by Wi-Fi dongle through USB interface<\/p><\/div><\/div><\/td><\/tr><tr class=\"wptb-row\" data-wptb-bg-color=\"\"><td class=\"wptb-cell\" style=\"border: 1px solid rgb(209, 209, 209);\" data-x-index=\"0\" data-y-index=\"4\" data-wptb-css-td-auto-width=\"true\"><div class=\"wptb-text-container wptb-ph-element wptb-element-text-20\"><div class=\"\" style=\"position: relative;\"><p><strong>Auxiliary Interface<\/strong><\/p><\/div><\/div><\/td><td class=\"wptb-cell\" style=\"border: 1px solid rgb(209, 209, 209);\" data-x-index=\"1\" data-y-index=\"4\" data-wptb-css-td-auto-width=\"true\"><div class=\"wptb-text-container wptb-ph-element wptb-element-text-21\"><div class=\"\" style=\"position: relative;\"><p><strong>General<\/strong><\/p><\/div><\/div><\/td><td class=\"wptb-cell\" style=\"border: 1px solid rgb(209, 209, 209);\" data-x-index=\"2\" data-y-index=\"4\" data-wptb-css-td-auto-width=\"true\"><div class=\"wptb-text-container wptb-ph-element wptb-element-text-22\"><div class=\"\" style=\"position: relative;\"><p><\/p><\/div><\/div><\/td><\/tr><tr class=\"wptb-row\" data-wptb-bg-color=\"\"><td class=\"wptb-cell\" style=\"border: 1px solid rgb(209, 209, 209);\" data-x-index=\"0\" data-y-index=\"5\" data-wptb-css-td-auto-width=\"true\"><div class=\"wptb-text-container wptb-ph-element wptb-element-text-23\"><div class=\"\" style=\"position: relative;\"><p>SATA: 2 SATA interfaces<br>CapacityUp to 10 TB capacity for each disk<br>Serial InterfaceRS-485 (half-duplex)<br>USB InterfaceFront panel: 1 \u00d7 USB 2.0<br><br>Rear panel: 1 \u00d7 USB 3.0<br>Alarm In\/OutN\/A (optional to support)<\/p><\/div><\/div><\/td><td class=\"wptb-cell\" style=\"border: 1px solid rgb(209, 209, 209);\" data-x-index=\"1\" data-y-index=\"5\" data-wptb-css-td-auto-width=\"true\"><div class=\"wptb-text-container wptb-ph-element wptb-element-text-24\"><div class=\"\" style=\"position: relative;\"><p>Power Supply12 VDC, 5 A<br>Consumption\u2264 40 W<br>Working Temperature-10 \u00b0C to +55 \u00b0C (+14 \u00b0F to +131 \u00b0F)<br>Working Humidity10% to 90%<br>Dimension (W \u00d7 D \u00d7 H)380 \u00d7 320 \u00d7 48 mm (15.0\u201d \u00d7 12.6\u201d \u00d7 1.9\u201d)<br>Weight\u2264 2.1 kg (4.6 lb)<\/p><\/div><\/div><\/td><td class=\"wptb-cell\" style=\"border: 1px solid rgb(209, 209, 209);\" data-x-index=\"2\" data-y-index=\"5\" data-wptb-css-td-auto-width=\"true\"><div class=\"wptb-text-container wptb-ph-element wptb-element-text-25\"><div class=\"\" style=\"position: relative;\"><p><\/p><\/div><\/div><\/td><\/tr><\/tbody><\/table><\/div><\/div>\n","protected":false},"excerpt":{"rendered":"<h2 class=\"prod_name\"><span class=\"prod_name-content\">32-ch 1080p 1U H.265 AcuSense DVR<\/span><\/h2>\n<ul class=\"product_description_item-list\">\n<li class=\"product_description_item\">Deep learning-based motion detection 2.0 for all analog channels<\/li>\n<li class=\"product_description_item\">Deep learning-based perimeter protection<\/li>\n<li class=\"product_description_item\">Efficient H.265 pro+ compression technology<\/li>\n<li class=\"product_description_item\">Encoding ability up to 1080p @ 15 fps<\/li>\n<li class=\"product_description_item\">5 signals input adaptively (HDTVI\/AHD\/CVI\/CVBS\/IP)<\/li>\n<li class=\"product_description_item\">Up to 40 network cameras can be connected<\/li>\n<\/ul>\n","protected":false},"featured_media":1061,"comment_status":"closed","ping_status":"closed","template":"","meta":{"_monsterinsights_skip_tracking":false,"_monsterinsights_sitenote_active":false,"_monsterinsights_sitenote_note":"","_monsterinsights_sitenote_category":0},"class_list":["post-1059","product","type-product","status-publish","has-post-thumbnail","hentry","product_cat-analog-kamera","product_cat-dvr-cctv","product_tag-analog-camera","product_tag-analog-hikvision","product_tag-dvr-hikvision"],"_links":{"self":[{"href":"https:\/\/hikvisionbali.com\/index.php\/wp-json\/wp\/v2\/product\/1059","targetHints":{"allow":["GET"]}}],"collection":[{"href":"https:\/\/hikvisionbali.com\/index.php\/wp-json\/wp\/v2\/product"}],"about":[{"href":"https:\/\/hikvisionbali.com\/index.php\/wp-json\/wp\/v2\/types\/product"}],"replies":[{"embeddable":true,"href":"https:\/\/hikvisionbali.com\/index.php\/wp-json\/wp\/v2\/comments?post=1059"}],"version-history":[{"count":1,"href":"https:\/\/hikvisionbali.com\/index.php\/wp-json\/wp\/v2\/product\/1059\/revisions"}],"predecessor-version":[{"id":1062,"href":"https:\/\/hikvisionbali.com\/index.php\/wp-json\/wp\/v2\/product\/1059\/revisions\/1062"}],"wp:featuredmedia":[{"embeddable":true,"href":"https:\/\/hikvisionbali.com\/index.php\/wp-json\/wp\/v2\/media\/1061"}],"wp:attachment":[{"href":"https:\/\/hikvisionbali.com\/index.php\/wp-json\/wp\/v2\/media?parent=1059"}],"curies":[{"name":"wp","href":"https:\/\/api.w.org\/{rel}","templated":true}]}}